{"id":1015,"date":"2025-01-10T17:25:45","date_gmt":"2025-01-10T16:25:45","guid":{"rendered":"https:\/\/ademedics.be\/product\/pluryal-mesoline-clear-5-x-5ml\/"},"modified":"2025-08-18T17:10:25","modified_gmt":"2025-08-18T15:10:25","slug":"pluryal-mesoline-clear-5-x-5ml","status":"publish","type":"product","link":"https:\/\/ademedics.be\/fr\/produit\/pluryal-mesoline-clear-5-x-5ml\/","title":{"rendered":"Pluryal Mesoline Clear 5 x 5ml"},"content":{"rendered":"<h3 data-start=\"84\" data-end=\"185\"><strong data-start=\"84\" data-end=\"110\">Pluryal Mesoline Clear<\/strong><\/h3>\n<h3 data-start=\"84\" data-end=\"185\"><strong data-start=\"113\" data-end=\"123\">Action<\/strong><\/h3>\n<p data-start=\"84\" data-end=\"185\">Un effet purifiant, \u00e9claircissant et \u00e9clatant de la peau.<\/p>\n<h3 data-start=\"187\" data-end=\"269\"><strong data-start=\"187\" data-end=\"202\">Indications<\/strong><\/h3>\n<p data-start=\"187\" data-end=\"269\">Peau \u00e0 tendance acn\u00e9ique chez les patients jeunes et adultes :<\/p>\n<ul data-start=\"270\" data-end=\"330\">\n<li data-start=\"270\" data-end=\"286\">\n<p data-start=\"272\" data-end=\"286\">Points noirs<\/p>\n<\/li>\n<li data-start=\"287\" data-end=\"312\">\n<p data-start=\"289\" data-end=\"312\">Com\u00e9dons sous-cutan\u00e9s<\/p>\n<\/li>\n<li data-start=\"313\" data-end=\"330\">\n<p data-start=\"315\" data-end=\"330\">Pores dilat\u00e9s<\/p>\n<\/li>\n<\/ul>\n<h3 data-start=\"332\" data-end=\"349\"><strong data-start=\"332\" data-end=\"347\">Composition<\/strong><\/h3>\n<ul data-start=\"350\" data-end=\"451\">\n<li data-start=\"350\" data-end=\"364\">\n<p data-start=\"352\" data-end=\"364\">Vitamine A<\/p>\n<\/li>\n<li data-start=\"365\" data-end=\"384\">\n<p data-start=\"367\" data-end=\"384\"><em data-start=\"367\" data-end=\"382\">Ginkgo biloba<\/em><\/p>\n<\/li>\n<li data-start=\"385\" data-end=\"406\">\n<p data-start=\"387\" data-end=\"406\">Acide salicylique<\/p>\n<\/li>\n<li data-start=\"407\" data-end=\"435\">\n<p data-start=\"409\" data-end=\"435\">Acide hyaluronique 10 mg<\/p>\n<\/li>\n<li data-start=\"436\" data-end=\"451\">\n<p data-start=\"438\" data-end=\"451\">Vitamines B<\/p>\n<\/li>\n<\/ul>\n<h3 data-start=\"453\" data-end=\"472\"><strong data-start=\"453\" data-end=\"470\">Zones cibl\u00e9es<\/strong><\/h3>\n<ul data-start=\"473\" data-end=\"491\">\n<li data-start=\"473\" data-end=\"483\">\n<p data-start=\"475\" data-end=\"483\">Visage<\/p>\n<\/li>\n<li data-start=\"484\" data-end=\"491\">\n<p data-start=\"486\" data-end=\"491\">Dos<\/p>\n<\/li>\n<\/ul>\n<h3 data-start=\"493\" data-end=\"637\"><strong data-start=\"493\" data-end=\"515\">R\u00e9sultats attendus<\/strong><\/h3>\n<p data-start=\"493\" data-end=\"637\">Une peau plus nette et affin\u00e9e, avec une diminution des points noirs, des com\u00e9dons sous-cutan\u00e9s et des pores dilat\u00e9s.<\/p>\n<h3 data-start=\"639\" data-end=\"678\"><strong data-start=\"639\" data-end=\"665\">Contenu de l\u2019emballage<\/strong><\/h3>\n<p data-start=\"639\" data-end=\"678\">5 x 5 ml<\/p>\n<h3 data-start=\"680\" data-end=\"882\">\u00cates-vous un professionnel de sant\u00e9 ? Cr\u00e9ez un compte et acc\u00e9dez aux tarifs ainsi qu\u2019\u00e0 des informations m\u00e9dicales suppl\u00e9mentaires. Profitez \u00e9galement de remises pour tout achat \u00e0 partir de 6 unit\u00e9s.<\/h3>\n","protected":false},"excerpt":{"rendered":"<p>Pluryal Mesoline Clear Action Un effet purifiant, \u00e9claircissant et \u00e9clatant de la peau. Indications Peau \u00e0 tendance acn\u00e9ique chez les patients jeunes et adultes : Points noirs Com\u00e9dons sous-cutan\u00e9s Pores dilat\u00e9s Composition Vitamine A Ginkgo biloba Acide salicylique Acide hyaluronique 10 mg Vitamines B Zones cibl\u00e9es Visage Dos R\u00e9sultats attendus Une peau plus nette et [&hellip;]<\/p>\n","protected":false},"featured_media":413,"comment_status":"open","ping_status":"closed","template":"","meta":{"_acf_changed":false},"product_brand":[],"product_cat":[49],"product_tag":[44],"berocket_brand":[42],"class_list":{"0":"post-1015","1":"product","2":"type-product","3":"status-publish","4":"has-post-thumbnail","6":"product_cat-mesotherapie-fr","7":"product_tag-pluryal-fr","8":"berocket_brand-pluryal-fr","9":"wcmo-protected-item wcmo-protected-product","11":"first","12":"instock","13":"taxable","14":"shipping-taxable","15":"product-type-simple"},"acf":[],"yoast_head":"<!-- This site is optimized with the Yoast SEO plugin v27.2 - https:\/\/yoast.com\/product\/yoast-seo-wordpress\/ -->\n<title>Pluryal Mesoline Clear 5 x 5ml - Ademedics<\/title>\n<meta name=\"robots\" content=\"index, follow, max-snippet:-1, max-image-preview:large, max-video-preview:-1\" \/>\n<link rel=\"canonical\" href=\"https:\/\/ademedics.be\/fr\/produit\/pluryal-mesoline-clear-5-x-5ml\/\" \/>\n<meta property=\"og:locale\" content=\"fr_FR\" \/>\n<meta property=\"og:type\" content=\"article\" \/>\n<meta property=\"og:title\" content=\"Pluryal Mesoline Clear 5 x 5ml - Ademedics\" \/>\n<meta property=\"og:description\" content=\"Pluryal Mesoline Clear Action Un effet purifiant, \u00e9claircissant et \u00e9clatant de la peau. Indications Peau \u00e0 tendance acn\u00e9ique chez les patients jeunes et adultes : Points noirs Com\u00e9dons sous-cutan\u00e9s Pores dilat\u00e9s Composition Vitamine A Ginkgo biloba Acide salicylique Acide hyaluronique 10 mg Vitamines B Zones cibl\u00e9es Visage Dos R\u00e9sultats attendus Une peau plus nette et [&hellip;]\" \/>\n<meta property=\"og:url\" content=\"https:\/\/ademedics.be\/fr\/produit\/pluryal-mesoline-clear-5-x-5ml\/\" \/>\n<meta property=\"og:site_name\" content=\"Ademedics\" \/>\n<meta property=\"article:modified_time\" content=\"2025-08-18T15:10:25+00:00\" \/>\n<meta property=\"og:image\" content=\"https:\/\/ademedics.be\/wp-content\/uploads\/2025\/01\/clear-e1736526303246.png\" \/>\n\t<meta property=\"og:image:width\" content=\"2884\" \/>\n\t<meta property=\"og:image:height\" content=\"2172\" \/>\n\t<meta property=\"og:image:type\" content=\"image\/png\" \/>\n<meta name=\"twitter:card\" content=\"summary_large_image\" \/>\n<meta name=\"twitter:label1\" content=\"Dur\u00e9e de lecture estim\u00e9e\" \/>\n\t<meta name=\"twitter:data1\" content=\"1 minute\" \/>\n<script type=\"application\/ld+json\" class=\"yoast-schema-graph\">{\"@context\":\"https:\/\/schema.org\",\"@graph\":[{\"@type\":\"WebPage\",\"@id\":\"https:\/\/ademedics.be\/fr\/produit\/pluryal-mesoline-clear-5-x-5ml\/\",\"url\":\"https:\/\/ademedics.be\/fr\/produit\/pluryal-mesoline-clear-5-x-5ml\/\",\"name\":\"Pluryal Mesoline Clear 5 x 5ml - Ademedics\",\"isPartOf\":{\"@id\":\"https:\/\/ademedics.be\/fr\/#website\"},\"primaryImageOfPage\":{\"@id\":\"https:\/\/ademedics.be\/fr\/produit\/pluryal-mesoline-clear-5-x-5ml\/#primaryimage\"},\"image\":{\"@id\":\"https:\/\/ademedics.be\/fr\/produit\/pluryal-mesoline-clear-5-x-5ml\/#primaryimage\"},\"thumbnailUrl\":\"https:\/\/ademedics.be\/wp-content\/uploads\/2025\/01\/clear-e1736526303246.png\",\"datePublished\":\"2025-01-10T16:25:45+00:00\",\"dateModified\":\"2025-08-18T15:10:25+00:00\",\"breadcrumb\":{\"@id\":\"https:\/\/ademedics.be\/fr\/produit\/pluryal-mesoline-clear-5-x-5ml\/#breadcrumb\"},\"inLanguage\":\"fr-FR\",\"potentialAction\":[{\"@type\":\"ReadAction\",\"target\":[\"https:\/\/ademedics.be\/fr\/produit\/pluryal-mesoline-clear-5-x-5ml\/\"]}]},{\"@type\":\"ImageObject\",\"inLanguage\":\"fr-FR\",\"@id\":\"https:\/\/ademedics.be\/fr\/produit\/pluryal-mesoline-clear-5-x-5ml\/#primaryimage\",\"url\":\"https:\/\/ademedics.be\/wp-content\/uploads\/2025\/01\/clear-e1736526303246.png\",\"contentUrl\":\"https:\/\/ademedics.be\/wp-content\/uploads\/2025\/01\/clear-e1736526303246.png\",\"width\":2884,\"height\":2172},{\"@type\":\"BreadcrumbList\",\"@id\":\"https:\/\/ademedics.be\/fr\/produit\/pluryal-mesoline-clear-5-x-5ml\/#breadcrumb\",\"itemListElement\":[{\"@type\":\"ListItem\",\"position\":1,\"name\":\"Home\",\"item\":\"https:\/\/ademedics.be\/fr\/\"},{\"@type\":\"ListItem\",\"position\":2,\"name\":\"Boutique\",\"item\":\"https:\/\/ademedics.be\/fr\/boutique-2\/\"},{\"@type\":\"ListItem\",\"position\":3,\"name\":\"Pluryal Mesoline Clear 5 x 5ml\"}]},{\"@type\":\"WebSite\",\"@id\":\"https:\/\/ademedics.be\/fr\/#website\",\"url\":\"https:\/\/ademedics.be\/fr\/\",\"name\":\"Ademedics\",\"description\":\"\",\"publisher\":{\"@id\":\"https:\/\/ademedics.be\/fr\/#organization\"},\"potentialAction\":[{\"@type\":\"SearchAction\",\"target\":{\"@type\":\"EntryPoint\",\"urlTemplate\":\"https:\/\/ademedics.be\/fr\/?s={search_term_string}\"},\"query-input\":{\"@type\":\"PropertyValueSpecification\",\"valueRequired\":true,\"valueName\":\"search_term_string\"}}],\"inLanguage\":\"fr-FR\"},{\"@type\":\"Organization\",\"@id\":\"https:\/\/ademedics.be\/fr\/#organization\",\"name\":\"Ademedics\",\"url\":\"https:\/\/ademedics.be\/fr\/\",\"logo\":{\"@type\":\"ImageObject\",\"inLanguage\":\"fr-FR\",\"@id\":\"https:\/\/ademedics.be\/fr\/#\/schema\/logo\/image\/\",\"url\":\"https:\/\/ademedics.be\/wp-content\/uploads\/2025\/01\/ademedics-logo.png\",\"contentUrl\":\"https:\/\/ademedics.be\/wp-content\/uploads\/2025\/01\/ademedics-logo.png\",\"width\":500,\"height\":122,\"caption\":\"Ademedics\"},\"image\":{\"@id\":\"https:\/\/ademedics.be\/fr\/#\/schema\/logo\/image\/\"}}]}<\/script>\n<!-- \/ Yoast SEO plugin. -->","yoast_head_json":{"title":"Pluryal Mesoline Clear 5 x 5ml - Ademedics","robots":{"index":"index","follow":"follow","max-snippet":"max-snippet:-1","max-image-preview":"max-image-preview:large","max-video-preview":"max-video-preview:-1"},"canonical":"https:\/\/ademedics.be\/fr\/produit\/pluryal-mesoline-clear-5-x-5ml\/","og_locale":"fr_FR","og_type":"article","og_title":"Pluryal Mesoline Clear 5 x 5ml - Ademedics","og_description":"Pluryal Mesoline Clear Action Un effet purifiant, \u00e9claircissant et \u00e9clatant de la peau. Indications Peau \u00e0 tendance acn\u00e9ique chez les patients jeunes et adultes : Points noirs Com\u00e9dons sous-cutan\u00e9s Pores dilat\u00e9s Composition Vitamine A Ginkgo biloba Acide salicylique Acide hyaluronique 10 mg Vitamines B Zones cibl\u00e9es Visage Dos R\u00e9sultats attendus Une peau plus nette et [&hellip;]","og_url":"https:\/\/ademedics.be\/fr\/produit\/pluryal-mesoline-clear-5-x-5ml\/","og_site_name":"Ademedics","article_modified_time":"2025-08-18T15:10:25+00:00","og_image":[{"width":2884,"height":2172,"url":"https:\/\/ademedics.be\/wp-content\/uploads\/2025\/01\/clear-e1736526303246.png","type":"image\/png"}],"twitter_card":"summary_large_image","twitter_misc":{"Dur\u00e9e de lecture estim\u00e9e":"1 minute"},"schema":{"@context":"https:\/\/schema.org","@graph":[{"@type":"WebPage","@id":"https:\/\/ademedics.be\/fr\/produit\/pluryal-mesoline-clear-5-x-5ml\/","url":"https:\/\/ademedics.be\/fr\/produit\/pluryal-mesoline-clear-5-x-5ml\/","name":"Pluryal Mesoline Clear 5 x 5ml - Ademedics","isPartOf":{"@id":"https:\/\/ademedics.be\/fr\/#website"},"primaryImageOfPage":{"@id":"https:\/\/ademedics.be\/fr\/produit\/pluryal-mesoline-clear-5-x-5ml\/#primaryimage"},"image":{"@id":"https:\/\/ademedics.be\/fr\/produit\/pluryal-mesoline-clear-5-x-5ml\/#primaryimage"},"thumbnailUrl":"https:\/\/ademedics.be\/wp-content\/uploads\/2025\/01\/clear-e1736526303246.png","datePublished":"2025-01-10T16:25:45+00:00","dateModified":"2025-08-18T15:10:25+00:00","breadcrumb":{"@id":"https:\/\/ademedics.be\/fr\/produit\/pluryal-mesoline-clear-5-x-5ml\/#breadcrumb"},"inLanguage":"fr-FR","potentialAction":[{"@type":"ReadAction","target":["https:\/\/ademedics.be\/fr\/produit\/pluryal-mesoline-clear-5-x-5ml\/"]}]},{"@type":"ImageObject","inLanguage":"fr-FR","@id":"https:\/\/ademedics.be\/fr\/produit\/pluryal-mesoline-clear-5-x-5ml\/#primaryimage","url":"https:\/\/ademedics.be\/wp-content\/uploads\/2025\/01\/clear-e1736526303246.png","contentUrl":"https:\/\/ademedics.be\/wp-content\/uploads\/2025\/01\/clear-e1736526303246.png","width":2884,"height":2172},{"@type":"BreadcrumbList","@id":"https:\/\/ademedics.be\/fr\/produit\/pluryal-mesoline-clear-5-x-5ml\/#breadcrumb","itemListElement":[{"@type":"ListItem","position":1,"name":"Home","item":"https:\/\/ademedics.be\/fr\/"},{"@type":"ListItem","position":2,"name":"Boutique","item":"https:\/\/ademedics.be\/fr\/boutique-2\/"},{"@type":"ListItem","position":3,"name":"Pluryal Mesoline Clear 5 x 5ml"}]},{"@type":"WebSite","@id":"https:\/\/ademedics.be\/fr\/#website","url":"https:\/\/ademedics.be\/fr\/","name":"Ademedics","description":"","publisher":{"@id":"https:\/\/ademedics.be\/fr\/#organization"},"potentialAction":[{"@type":"SearchAction","target":{"@type":"EntryPoint","urlTemplate":"https:\/\/ademedics.be\/fr\/?s={search_term_string}"},"query-input":{"@type":"PropertyValueSpecification","valueRequired":true,"valueName":"search_term_string"}}],"inLanguage":"fr-FR"},{"@type":"Organization","@id":"https:\/\/ademedics.be\/fr\/#organization","name":"Ademedics","url":"https:\/\/ademedics.be\/fr\/","logo":{"@type":"ImageObject","inLanguage":"fr-FR","@id":"https:\/\/ademedics.be\/fr\/#\/schema\/logo\/image\/","url":"https:\/\/ademedics.be\/wp-content\/uploads\/2025\/01\/ademedics-logo.png","contentUrl":"https:\/\/ademedics.be\/wp-content\/uploads\/2025\/01\/ademedics-logo.png","width":500,"height":122,"caption":"Ademedics"},"image":{"@id":"https:\/\/ademedics.be\/fr\/#\/schema\/logo\/image\/"}}]}},"_links":{"self":[{"href":"https:\/\/ademedics.be\/fr\/wp-json\/wp\/v2\/product\/1015","targetHints":{"allow":["GET"]}}],"collection":[{"href":"https:\/\/ademedics.be\/fr\/wp-json\/wp\/v2\/product"}],"about":[{"href":"https:\/\/ademedics.be\/fr\/wp-json\/wp\/v2\/types\/product"}],"replies":[{"embeddable":true,"href":"https:\/\/ademedics.be\/fr\/wp-json\/wp\/v2\/comments?post=1015"}],"wp:featuredmedia":[{"embeddable":true,"href":"https:\/\/ademedics.be\/fr\/wp-json\/wp\/v2\/media\/413"}],"wp:attachment":[{"href":"https:\/\/ademedics.be\/fr\/wp-json\/wp\/v2\/media?parent=1015"}],"wp:term":[{"taxonomy":"product_brand","embeddable":true,"href":"https:\/\/ademedics.be\/fr\/wp-json\/wp\/v2\/product_brand?post=1015"},{"taxonomy":"product_cat","embeddable":true,"href":"https:\/\/ademedics.be\/fr\/wp-json\/wp\/v2\/product_cat?post=1015"},{"taxonomy":"product_tag","embeddable":true,"href":"https:\/\/ademedics.be\/fr\/wp-json\/wp\/v2\/product_tag?post=1015"},{"taxonomy":"berocket_brand","embeddable":true,"href":"https:\/\/ademedics.be\/fr\/wp-json\/wp\/v2\/berocket_brand?post=1015"}],"curies":[{"name":"wp","href":"https:\/\/api.w.org\/{rel}","templated":true}]}}