{"id":1013,"date":"2025-01-10T17:31:20","date_gmt":"2025-01-10T16:31:20","guid":{"rendered":"https:\/\/ademedics.be\/product\/1013\/"},"modified":"2025-08-18T17:11:16","modified_gmt":"2025-08-18T15:11:16","slug":"1013","status":"publish","type":"product","link":"https:\/\/ademedics.be\/fr\/produit\/1013\/","title":{"rendered":"Pluryal Mesoline Hair 5 x 5ml"},"content":{"rendered":"<h3 data-start=\"84\" data-end=\"180\"><strong data-start=\"84\" data-end=\"109\">Pluryal Mesoline Hair<\/strong><\/h3>\n<h3 data-start=\"84\" data-end=\"180\"><strong data-start=\"112\" data-end=\"122\">Action<\/strong><\/h3>\n<p data-start=\"84\" data-end=\"180\">La restauration capillaire au niveau du cuir chevelu.<\/p>\n<h3 data-start=\"182\" data-end=\"199\"><strong data-start=\"182\" data-end=\"197\">Indications<\/strong><\/h3>\n<ul data-start=\"200\" data-end=\"367\">\n<li data-start=\"200\" data-end=\"245\">\n<p data-start=\"202\" data-end=\"245\">Alop\u00e9cie androg\u00e9n\u00e9tique (hommes &amp; femmes)<\/p>\n<\/li>\n<li data-start=\"246\" data-end=\"272\">\n<p data-start=\"248\" data-end=\"272\">Rar\u00e9faction capillaire<\/p>\n<\/li>\n<li data-start=\"273\" data-end=\"295\">\n<p data-start=\"275\" data-end=\"295\">Effluvium t\u00e9log\u00e8ne<\/p>\n<\/li>\n<li data-start=\"296\" data-end=\"367\">\n<p data-start=\"298\" data-end=\"367\">Apr\u00e8s une greffe capillaire (activation d\u2019une repousse plus rapide)<\/p>\n<\/li>\n<\/ul>\n<h3 data-start=\"369\" data-end=\"386\"><strong data-start=\"369\" data-end=\"384\">Composition<\/strong><\/h3>\n<ul data-start=\"387\" data-end=\"508\">\n<li data-start=\"387\" data-end=\"408\">\n<p data-start=\"389\" data-end=\"408\">Peptide de cuivre<\/p>\n<\/li>\n<li data-start=\"409\" data-end=\"439\">\n<p data-start=\"411\" data-end=\"439\">Cellules souches v\u00e9g\u00e9tales<\/p>\n<\/li>\n<li data-start=\"440\" data-end=\"451\">\n<p data-start=\"442\" data-end=\"451\">Caf\u00e9ine<\/p>\n<\/li>\n<li data-start=\"452\" data-end=\"474\">\n<p data-start=\"454\" data-end=\"474\">Acide hyaluronique<\/p>\n<\/li>\n<li data-start=\"475\" data-end=\"492\">\n<p data-start=\"477\" data-end=\"492\">Acides amin\u00e9s<\/p>\n<\/li>\n<li data-start=\"493\" data-end=\"508\">\n<p data-start=\"495\" data-end=\"508\">Vitamines B<\/p>\n<\/li>\n<\/ul>\n<h3 data-start=\"510\" data-end=\"529\"><strong data-start=\"510\" data-end=\"527\">Zones cibl\u00e9es<\/strong><\/h3>\n<ul data-start=\"530\" data-end=\"546\">\n<li data-start=\"530\" data-end=\"546\">\n<p data-start=\"532\" data-end=\"546\">Cuir chevelu<\/p>\n<\/li>\n<\/ul>\n<h3 data-start=\"548\" data-end=\"780\"><strong data-start=\"548\" data-end=\"570\">R\u00e9sultats attendus<\/strong><\/h3>\n<p data-start=\"548\" data-end=\"780\">Stimulation de la croissance capillaire dans les cas d\u2019alop\u00e9cie androg\u00e9n\u00e9tique (chez l\u2019homme et la femme), r\u00e9duction de la rar\u00e9faction capillaire et acc\u00e9l\u00e9ration de la repousse apr\u00e8s une greffe de cheveux.<\/p>\n<h3 data-start=\"782\" data-end=\"821\"><strong data-start=\"782\" data-end=\"808\">Contenu de l\u2019emballage<\/strong><\/h3>\n<p data-start=\"782\" data-end=\"821\">5 x 5 ml<\/p>\n<h3 data-start=\"823\" data-end=\"1025\">\u00cates-vous un professionnel de sant\u00e9 ? Cr\u00e9ez un compte et acc\u00e9dez aux tarifs ainsi qu\u2019\u00e0 des informations m\u00e9dicales suppl\u00e9mentaires.<br data-start=\"953\" data-end=\"956\">Profitez \u00e9galement de remises pour tout achat \u00e0 partir de 6 unit\u00e9s.<\/h3>\n","protected":false},"excerpt":{"rendered":"<p><br data-mce-bogus=\"1\"><\/p>\n","protected":false},"featured_media":401,"comment_status":"open","ping_status":"closed","template":"","meta":{"_acf_changed":false},"product_brand":[],"product_cat":[49],"product_tag":[44],"berocket_brand":[42],"class_list":{"0":"post-1013","1":"product","2":"type-product","3":"status-publish","4":"has-post-thumbnail","6":"product_cat-mesotherapie-fr","7":"product_tag-pluryal-fr","8":"berocket_brand-pluryal-fr","9":"wcmo-protected-item wcmo-protected-product","11":"first","12":"instock","13":"taxable","14":"shipping-taxable","15":"product-type-simple"},"acf":[],"yoast_head":"<!-- This site is optimized with the Yoast SEO plugin v27.2 - https:\/\/yoast.com\/product\/yoast-seo-wordpress\/ -->\n<title>Pluryal Mesoline Hair 5 x 5ml - Ademedics<\/title>\n<meta name=\"robots\" content=\"index, follow, max-snippet:-1, max-image-preview:large, max-video-preview:-1\" \/>\n<link rel=\"canonical\" href=\"https:\/\/ademedics.be\/fr\/produit\/1013\/\" \/>\n<meta property=\"og:locale\" content=\"fr_FR\" \/>\n<meta property=\"og:type\" content=\"article\" \/>\n<meta property=\"og:title\" content=\"Pluryal Mesoline Hair 5 x 5ml - Ademedics\" \/>\n<meta property=\"og:url\" content=\"https:\/\/ademedics.be\/fr\/produit\/1013\/\" \/>\n<meta property=\"og:site_name\" content=\"Ademedics\" \/>\n<meta property=\"article:modified_time\" content=\"2025-08-18T15:11:16+00:00\" \/>\n<meta property=\"og:image\" content=\"https:\/\/ademedics.be\/wp-content\/uploads\/2025\/01\/hair-e1736526648973.png\" \/>\n\t<meta property=\"og:image:width\" content=\"2884\" \/>\n\t<meta property=\"og:image:height\" content=\"2172\" \/>\n\t<meta property=\"og:image:type\" content=\"image\/png\" \/>\n<meta name=\"twitter:card\" content=\"summary_large_image\" \/>\n<meta name=\"twitter:label1\" content=\"Dur\u00e9e de lecture estim\u00e9e\" \/>\n\t<meta name=\"twitter:data1\" content=\"1 minute\" \/>\n<script type=\"application\/ld+json\" class=\"yoast-schema-graph\">{\"@context\":\"https:\/\/schema.org\",\"@graph\":[{\"@type\":\"WebPage\",\"@id\":\"https:\/\/ademedics.be\/fr\/produit\/1013\/\",\"url\":\"https:\/\/ademedics.be\/fr\/produit\/1013\/\",\"name\":\"Pluryal Mesoline Hair 5 x 5ml - Ademedics\",\"isPartOf\":{\"@id\":\"https:\/\/ademedics.be\/fr\/#website\"},\"primaryImageOfPage\":{\"@id\":\"https:\/\/ademedics.be\/fr\/produit\/1013\/#primaryimage\"},\"image\":{\"@id\":\"https:\/\/ademedics.be\/fr\/produit\/1013\/#primaryimage\"},\"thumbnailUrl\":\"https:\/\/ademedics.be\/wp-content\/uploads\/2025\/01\/hair-e1736526648973.png\",\"datePublished\":\"2025-01-10T16:31:20+00:00\",\"dateModified\":\"2025-08-18T15:11:16+00:00\",\"breadcrumb\":{\"@id\":\"https:\/\/ademedics.be\/fr\/produit\/1013\/#breadcrumb\"},\"inLanguage\":\"fr-FR\",\"potentialAction\":[{\"@type\":\"ReadAction\",\"target\":[\"https:\/\/ademedics.be\/fr\/produit\/1013\/\"]}]},{\"@type\":\"ImageObject\",\"inLanguage\":\"fr-FR\",\"@id\":\"https:\/\/ademedics.be\/fr\/produit\/1013\/#primaryimage\",\"url\":\"https:\/\/ademedics.be\/wp-content\/uploads\/2025\/01\/hair-e1736526648973.png\",\"contentUrl\":\"https:\/\/ademedics.be\/wp-content\/uploads\/2025\/01\/hair-e1736526648973.png\",\"width\":2884,\"height\":2172},{\"@type\":\"BreadcrumbList\",\"@id\":\"https:\/\/ademedics.be\/fr\/produit\/1013\/#breadcrumb\",\"itemListElement\":[{\"@type\":\"ListItem\",\"position\":1,\"name\":\"Home\",\"item\":\"https:\/\/ademedics.be\/fr\/\"},{\"@type\":\"ListItem\",\"position\":2,\"name\":\"Boutique\",\"item\":\"https:\/\/ademedics.be\/fr\/boutique-2\/\"},{\"@type\":\"ListItem\",\"position\":3,\"name\":\"Pluryal Mesoline Hair 5 x 5ml\"}]},{\"@type\":\"WebSite\",\"@id\":\"https:\/\/ademedics.be\/fr\/#website\",\"url\":\"https:\/\/ademedics.be\/fr\/\",\"name\":\"Ademedics\",\"description\":\"\",\"publisher\":{\"@id\":\"https:\/\/ademedics.be\/fr\/#organization\"},\"potentialAction\":[{\"@type\":\"SearchAction\",\"target\":{\"@type\":\"EntryPoint\",\"urlTemplate\":\"https:\/\/ademedics.be\/fr\/?s={search_term_string}\"},\"query-input\":{\"@type\":\"PropertyValueSpecification\",\"valueRequired\":true,\"valueName\":\"search_term_string\"}}],\"inLanguage\":\"fr-FR\"},{\"@type\":\"Organization\",\"@id\":\"https:\/\/ademedics.be\/fr\/#organization\",\"name\":\"Ademedics\",\"url\":\"https:\/\/ademedics.be\/fr\/\",\"logo\":{\"@type\":\"ImageObject\",\"inLanguage\":\"fr-FR\",\"@id\":\"https:\/\/ademedics.be\/fr\/#\/schema\/logo\/image\/\",\"url\":\"https:\/\/ademedics.be\/wp-content\/uploads\/2025\/01\/ademedics-logo.png\",\"contentUrl\":\"https:\/\/ademedics.be\/wp-content\/uploads\/2025\/01\/ademedics-logo.png\",\"width\":500,\"height\":122,\"caption\":\"Ademedics\"},\"image\":{\"@id\":\"https:\/\/ademedics.be\/fr\/#\/schema\/logo\/image\/\"}}]}<\/script>\n<!-- \/ Yoast SEO plugin. -->","yoast_head_json":{"title":"Pluryal Mesoline Hair 5 x 5ml - Ademedics","robots":{"index":"index","follow":"follow","max-snippet":"max-snippet:-1","max-image-preview":"max-image-preview:large","max-video-preview":"max-video-preview:-1"},"canonical":"https:\/\/ademedics.be\/fr\/produit\/1013\/","og_locale":"fr_FR","og_type":"article","og_title":"Pluryal Mesoline Hair 5 x 5ml - Ademedics","og_url":"https:\/\/ademedics.be\/fr\/produit\/1013\/","og_site_name":"Ademedics","article_modified_time":"2025-08-18T15:11:16+00:00","og_image":[{"width":2884,"height":2172,"url":"https:\/\/ademedics.be\/wp-content\/uploads\/2025\/01\/hair-e1736526648973.png","type":"image\/png"}],"twitter_card":"summary_large_image","twitter_misc":{"Dur\u00e9e de lecture estim\u00e9e":"1 minute"},"schema":{"@context":"https:\/\/schema.org","@graph":[{"@type":"WebPage","@id":"https:\/\/ademedics.be\/fr\/produit\/1013\/","url":"https:\/\/ademedics.be\/fr\/produit\/1013\/","name":"Pluryal Mesoline Hair 5 x 5ml - Ademedics","isPartOf":{"@id":"https:\/\/ademedics.be\/fr\/#website"},"primaryImageOfPage":{"@id":"https:\/\/ademedics.be\/fr\/produit\/1013\/#primaryimage"},"image":{"@id":"https:\/\/ademedics.be\/fr\/produit\/1013\/#primaryimage"},"thumbnailUrl":"https:\/\/ademedics.be\/wp-content\/uploads\/2025\/01\/hair-e1736526648973.png","datePublished":"2025-01-10T16:31:20+00:00","dateModified":"2025-08-18T15:11:16+00:00","breadcrumb":{"@id":"https:\/\/ademedics.be\/fr\/produit\/1013\/#breadcrumb"},"inLanguage":"fr-FR","potentialAction":[{"@type":"ReadAction","target":["https:\/\/ademedics.be\/fr\/produit\/1013\/"]}]},{"@type":"ImageObject","inLanguage":"fr-FR","@id":"https:\/\/ademedics.be\/fr\/produit\/1013\/#primaryimage","url":"https:\/\/ademedics.be\/wp-content\/uploads\/2025\/01\/hair-e1736526648973.png","contentUrl":"https:\/\/ademedics.be\/wp-content\/uploads\/2025\/01\/hair-e1736526648973.png","width":2884,"height":2172},{"@type":"BreadcrumbList","@id":"https:\/\/ademedics.be\/fr\/produit\/1013\/#breadcrumb","itemListElement":[{"@type":"ListItem","position":1,"name":"Home","item":"https:\/\/ademedics.be\/fr\/"},{"@type":"ListItem","position":2,"name":"Boutique","item":"https:\/\/ademedics.be\/fr\/boutique-2\/"},{"@type":"ListItem","position":3,"name":"Pluryal Mesoline Hair 5 x 5ml"}]},{"@type":"WebSite","@id":"https:\/\/ademedics.be\/fr\/#website","url":"https:\/\/ademedics.be\/fr\/","name":"Ademedics","description":"","publisher":{"@id":"https:\/\/ademedics.be\/fr\/#organization"},"potentialAction":[{"@type":"SearchAction","target":{"@type":"EntryPoint","urlTemplate":"https:\/\/ademedics.be\/fr\/?s={search_term_string}"},"query-input":{"@type":"PropertyValueSpecification","valueRequired":true,"valueName":"search_term_string"}}],"inLanguage":"fr-FR"},{"@type":"Organization","@id":"https:\/\/ademedics.be\/fr\/#organization","name":"Ademedics","url":"https:\/\/ademedics.be\/fr\/","logo":{"@type":"ImageObject","inLanguage":"fr-FR","@id":"https:\/\/ademedics.be\/fr\/#\/schema\/logo\/image\/","url":"https:\/\/ademedics.be\/wp-content\/uploads\/2025\/01\/ademedics-logo.png","contentUrl":"https:\/\/ademedics.be\/wp-content\/uploads\/2025\/01\/ademedics-logo.png","width":500,"height":122,"caption":"Ademedics"},"image":{"@id":"https:\/\/ademedics.be\/fr\/#\/schema\/logo\/image\/"}}]}},"_links":{"self":[{"href":"https:\/\/ademedics.be\/fr\/wp-json\/wp\/v2\/product\/1013","targetHints":{"allow":["GET"]}}],"collection":[{"href":"https:\/\/ademedics.be\/fr\/wp-json\/wp\/v2\/product"}],"about":[{"href":"https:\/\/ademedics.be\/fr\/wp-json\/wp\/v2\/types\/product"}],"replies":[{"embeddable":true,"href":"https:\/\/ademedics.be\/fr\/wp-json\/wp\/v2\/comments?post=1013"}],"wp:featuredmedia":[{"embeddable":true,"href":"https:\/\/ademedics.be\/fr\/wp-json\/wp\/v2\/media\/401"}],"wp:attachment":[{"href":"https:\/\/ademedics.be\/fr\/wp-json\/wp\/v2\/media?parent=1013"}],"wp:term":[{"taxonomy":"product_brand","embeddable":true,"href":"https:\/\/ademedics.be\/fr\/wp-json\/wp\/v2\/product_brand?post=1013"},{"taxonomy":"product_cat","embeddable":true,"href":"https:\/\/ademedics.be\/fr\/wp-json\/wp\/v2\/product_cat?post=1013"},{"taxonomy":"product_tag","embeddable":true,"href":"https:\/\/ademedics.be\/fr\/wp-json\/wp\/v2\/product_tag?post=1013"},{"taxonomy":"berocket_brand","embeddable":true,"href":"https:\/\/ademedics.be\/fr\/wp-json\/wp\/v2\/berocket_brand?post=1013"}],"curies":[{"name":"wp","href":"https:\/\/api.w.org\/{rel}","templated":true}]}}