{"id":1005,"date":"2025-01-09T11:27:21","date_gmt":"2025-01-09T10:27:21","guid":{"rendered":"https:\/\/ademedics.be\/product\/pluryal-silk-2-ml\/"},"modified":"2025-08-18T12:05:22","modified_gmt":"2025-08-18T10:05:22","slug":"pluryal-silk-2-ml","status":"publish","type":"product","link":"https:\/\/ademedics.be\/fr\/produit\/pluryal-silk-2-ml\/","title":{"rendered":"Pluryal Silk 2 ml"},"content":{"rendered":"<h3 data-start=\"50\" data-end=\"68\"><strong data-start=\"50\" data-end=\"66\">Pluryal Silk<\/strong><\/h3>\n<h3 data-start=\"70\" data-end=\"132\"><strong data-start=\"70\" data-end=\"130\">Action des polynucl\u00e9otides = r\u00e9g\u00e9n\u00e9ration cutan\u00e9e totale<\/strong><\/h3>\n<ul data-start=\"133\" data-end=\"442\">\n<li data-start=\"133\" data-end=\"184\">\n<p data-start=\"135\" data-end=\"184\"><strong>Renouvellement cellulaire (r\u00e9paration de l\u2019ADN)<\/strong><\/p>\n<\/li>\n<li data-start=\"185\" data-end=\"262\">\n<p data-start=\"187\" data-end=\"262\"><strong>R\u00e9g\u00e9n\u00e9ration et r\u00e9paration des tissus (ex. cicatrices, dommages solaires)<\/strong><\/p>\n<\/li>\n<li data-start=\"263\" data-end=\"298\">\n<p data-start=\"265\" data-end=\"298\"><strong>Hydratation profonde de la peau<\/strong><\/p>\n<\/li>\n<li data-start=\"299\" data-end=\"361\">\n<p data-start=\"301\" data-end=\"361\"><strong>Effet anti-\u00e2ge (stimulation du collag\u00e8ne et de l\u2019\u00e9lastine)<\/strong><\/p>\n<\/li>\n<li data-start=\"362\" data-end=\"401\">\n<p data-start=\"364\" data-end=\"401\"><strong>Restauration de la barri\u00e8re cutan\u00e9e<\/strong><\/p>\n<\/li>\n<li data-start=\"402\" data-end=\"442\">\n<p data-start=\"404\" data-end=\"442\"><strong>Effet anti-inflammatoire et apaisant<\/strong><\/p>\n<\/li>\n<\/ul>\n<h3 data-start=\"444\" data-end=\"461\"><strong data-start=\"444\" data-end=\"459\">Composition<\/strong><\/h3>\n<ul data-start=\"462\" data-end=\"499\">\n<li data-start=\"462\" data-end=\"499\">\n<p data-start=\"464\" data-end=\"499\">Polynucl\u00e9otides 15 mg (7,5 mg\/ml)<\/p>\n<\/li>\n<\/ul>\n<h3 data-start=\"501\" data-end=\"525\"><strong data-start=\"501\" data-end=\"523\">R\u00e9sultats attendus<\/strong><\/h3>\n<ul data-start=\"526\" data-end=\"686\">\n<li data-start=\"526\" data-end=\"590\">\n<p data-start=\"528\" data-end=\"590\">Restaure la peau dans les zones p\u00e9ri-orale et p\u00e9ri-orbitaire<\/p>\n<\/li>\n<li data-start=\"591\" data-end=\"634\">\n<p data-start=\"593\" data-end=\"634\">R\u00e9duit les vergetures et les cicatrices<\/p>\n<\/li>\n<li data-start=\"635\" data-end=\"686\">\n<p data-start=\"637\" data-end=\"686\">Prolonge les effets des traitements esth\u00e9tiques<\/p>\n<\/li>\n<\/ul>\n<h3 data-start=\"688\" data-end=\"720\"><strong data-start=\"688\" data-end=\"718\">Indications \/ Zones cibles<\/strong><\/h3>\n<ul data-start=\"721\" data-end=\"979\">\n<li data-start=\"721\" data-end=\"772\">\n<p data-start=\"723\" data-end=\"772\">Zone p\u00e9ri-orbitaire (paupi\u00e8res, cernes, poches)<\/p>\n<\/li>\n<li data-start=\"773\" data-end=\"822\">\n<p data-start=\"775\" data-end=\"822\">Zone p\u00e9ri-buccale (rides autour de la bouche)<\/p>\n<\/li>\n<li data-start=\"823\" data-end=\"872\">\n<p data-start=\"825\" data-end=\"872\">Cou \/ d\u00e9collet\u00e9 (peau fine \/ patients jeunes)<\/p>\n<\/li>\n<li data-start=\"873\" data-end=\"887\">\n<p data-start=\"875\" data-end=\"887\">Vergetures<\/p>\n<\/li>\n<li data-start=\"888\" data-end=\"905\">\n<p data-start=\"890\" data-end=\"905\">Pores dilat\u00e9s<\/p>\n<\/li>\n<li data-start=\"906\" data-end=\"979\">\n<p data-start=\"908\" data-end=\"979\">Pr\u00e9traitement (pour prolonger les effets des traitements esth\u00e9tiques)<\/p>\n<\/li>\n<\/ul>\n<h3 data-start=\"981\" data-end=\"1009\"><strong data-start=\"981\" data-end=\"1007\">Profondeur d\u2019injection<\/strong><\/h3>\n<ul data-start=\"1010\" data-end=\"1073\">\n<li data-start=\"1010\" data-end=\"1073\">\n<p data-start=\"1012\" data-end=\"1073\">Derme profond \/ derme moyen (autour des yeux et des l\u00e8vres)<\/p>\n<\/li>\n<\/ul>\n<h3 data-start=\"1075\" data-end=\"1092\"><strong data-start=\"1075\" data-end=\"1090\">Marquage CE<\/strong><\/h3>\n<ul data-start=\"1093\" data-end=\"1171\">\n<li data-start=\"1093\" data-end=\"1171\">\n<p data-start=\"1095\" data-end=\"1171\">CE 0373 (seringue MD Skin Solutions) | CE 0318 (aiguille Becton Dickinson)<\/p>\n<\/li>\n<\/ul>\n<h3 data-start=\"1173\" data-end=\"1201\"><strong data-start=\"1173\" data-end=\"1199\">Contenu de l\u2019emballage<\/strong><\/h3>\n<ul data-start=\"1202\" data-end=\"1261\">\n<li data-start=\"1202\" data-end=\"1261\">\n<p data-start=\"1204\" data-end=\"1261\">1 x seringue pr\u00e9remplie de 2 ml | 2 x aiguilles 30G 1\/2<\/p>\n<\/li>\n<\/ul>\n<h3 data-start=\"1263\" data-end=\"1448\"><strong data-start=\"1263\" data-end=\"1304\">Vous \u00eates un professionnel de sant\u00e9 ?<\/strong><br data-start=\"1304\" data-end=\"1307\">Cr\u00e9ez un compte pour acc\u00e9der aux prix et aux informations m\u00e9dicales compl\u00e9mentaires. Profitez \u00e9galement de r\u00e9ductions \u00e0 partir de 6 unit\u00e9s.<\/h3>\n","protected":false},"excerpt":{"rendered":"<p><br data-mce-bogus=\"1\"><\/p>\n","protected":false},"featured_media":330,"comment_status":"open","ping_status":"closed","template":"","meta":{"_acf_changed":false},"product_brand":[],"product_cat":[45],"product_tag":[44],"berocket_brand":[42],"class_list":{"0":"post-1005","1":"product","2":"type-product","3":"status-publish","4":"has-post-thumbnail","6":"product_cat-polynucleotiden-fr","7":"product_tag-pluryal-fr","8":"berocket_brand-pluryal-fr","9":"wcmo-protected-item wcmo-protected-product","11":"first","12":"instock","13":"taxable","14":"shipping-taxable","15":"product-type-simple"},"acf":[],"yoast_head":"<!-- This site is optimized with the Yoast SEO plugin v27.2 - https:\/\/yoast.com\/product\/yoast-seo-wordpress\/ -->\n<title>Pluryal Silk 2 ml - Ademedics<\/title>\n<meta name=\"robots\" content=\"index, follow, max-snippet:-1, max-image-preview:large, max-video-preview:-1\" \/>\n<link rel=\"canonical\" href=\"https:\/\/ademedics.be\/fr\/produit\/pluryal-silk-2-ml\/\" \/>\n<meta property=\"og:locale\" content=\"fr_FR\" \/>\n<meta property=\"og:type\" content=\"article\" \/>\n<meta property=\"og:title\" content=\"Pluryal Silk 2 ml - Ademedics\" \/>\n<meta property=\"og:url\" content=\"https:\/\/ademedics.be\/fr\/produit\/pluryal-silk-2-ml\/\" \/>\n<meta property=\"og:site_name\" content=\"Ademedics\" \/>\n<meta property=\"article:modified_time\" content=\"2025-08-18T10:05:22+00:00\" \/>\n<meta property=\"og:image\" content=\"https:\/\/ademedics.be\/wp-content\/uploads\/2025\/01\/silk.png\" \/>\n\t<meta property=\"og:image:width\" content=\"1627\" \/>\n\t<meta property=\"og:image:height\" content=\"1297\" \/>\n\t<meta property=\"og:image:type\" content=\"image\/png\" \/>\n<meta name=\"twitter:card\" content=\"summary_large_image\" \/>\n<meta name=\"twitter:label1\" content=\"Dur\u00e9e de lecture estim\u00e9e\" \/>\n\t<meta name=\"twitter:data1\" content=\"1 minute\" \/>\n<script type=\"application\/ld+json\" class=\"yoast-schema-graph\">{\"@context\":\"https:\/\/schema.org\",\"@graph\":[{\"@type\":\"WebPage\",\"@id\":\"https:\/\/ademedics.be\/fr\/produit\/pluryal-silk-2-ml\/\",\"url\":\"https:\/\/ademedics.be\/fr\/produit\/pluryal-silk-2-ml\/\",\"name\":\"Pluryal Silk 2 ml - Ademedics\",\"isPartOf\":{\"@id\":\"https:\/\/ademedics.be\/fr\/#website\"},\"primaryImageOfPage\":{\"@id\":\"https:\/\/ademedics.be\/fr\/produit\/pluryal-silk-2-ml\/#primaryimage\"},\"image\":{\"@id\":\"https:\/\/ademedics.be\/fr\/produit\/pluryal-silk-2-ml\/#primaryimage\"},\"thumbnailUrl\":\"https:\/\/ademedics.be\/wp-content\/uploads\/2025\/01\/silk.png\",\"datePublished\":\"2025-01-09T10:27:21+00:00\",\"dateModified\":\"2025-08-18T10:05:22+00:00\",\"breadcrumb\":{\"@id\":\"https:\/\/ademedics.be\/fr\/produit\/pluryal-silk-2-ml\/#breadcrumb\"},\"inLanguage\":\"fr-FR\",\"potentialAction\":[{\"@type\":\"ReadAction\",\"target\":[\"https:\/\/ademedics.be\/fr\/produit\/pluryal-silk-2-ml\/\"]}]},{\"@type\":\"ImageObject\",\"inLanguage\":\"fr-FR\",\"@id\":\"https:\/\/ademedics.be\/fr\/produit\/pluryal-silk-2-ml\/#primaryimage\",\"url\":\"https:\/\/ademedics.be\/wp-content\/uploads\/2025\/01\/silk.png\",\"contentUrl\":\"https:\/\/ademedics.be\/wp-content\/uploads\/2025\/01\/silk.png\",\"width\":1627,\"height\":1297},{\"@type\":\"BreadcrumbList\",\"@id\":\"https:\/\/ademedics.be\/fr\/produit\/pluryal-silk-2-ml\/#breadcrumb\",\"itemListElement\":[{\"@type\":\"ListItem\",\"position\":1,\"name\":\"Home\",\"item\":\"https:\/\/ademedics.be\/fr\/\"},{\"@type\":\"ListItem\",\"position\":2,\"name\":\"Boutique\",\"item\":\"https:\/\/ademedics.be\/fr\/boutique-2\/\"},{\"@type\":\"ListItem\",\"position\":3,\"name\":\"Pluryal Silk 2 ml\"}]},{\"@type\":\"WebSite\",\"@id\":\"https:\/\/ademedics.be\/fr\/#website\",\"url\":\"https:\/\/ademedics.be\/fr\/\",\"name\":\"Ademedics\",\"description\":\"\",\"publisher\":{\"@id\":\"https:\/\/ademedics.be\/fr\/#organization\"},\"potentialAction\":[{\"@type\":\"SearchAction\",\"target\":{\"@type\":\"EntryPoint\",\"urlTemplate\":\"https:\/\/ademedics.be\/fr\/?s={search_term_string}\"},\"query-input\":{\"@type\":\"PropertyValueSpecification\",\"valueRequired\":true,\"valueName\":\"search_term_string\"}}],\"inLanguage\":\"fr-FR\"},{\"@type\":\"Organization\",\"@id\":\"https:\/\/ademedics.be\/fr\/#organization\",\"name\":\"Ademedics\",\"url\":\"https:\/\/ademedics.be\/fr\/\",\"logo\":{\"@type\":\"ImageObject\",\"inLanguage\":\"fr-FR\",\"@id\":\"https:\/\/ademedics.be\/fr\/#\/schema\/logo\/image\/\",\"url\":\"https:\/\/ademedics.be\/wp-content\/uploads\/2025\/01\/ademedics-logo.png\",\"contentUrl\":\"https:\/\/ademedics.be\/wp-content\/uploads\/2025\/01\/ademedics-logo.png\",\"width\":500,\"height\":122,\"caption\":\"Ademedics\"},\"image\":{\"@id\":\"https:\/\/ademedics.be\/fr\/#\/schema\/logo\/image\/\"}}]}<\/script>\n<!-- \/ Yoast SEO plugin. -->","yoast_head_json":{"title":"Pluryal Silk 2 ml - Ademedics","robots":{"index":"index","follow":"follow","max-snippet":"max-snippet:-1","max-image-preview":"max-image-preview:large","max-video-preview":"max-video-preview:-1"},"canonical":"https:\/\/ademedics.be\/fr\/produit\/pluryal-silk-2-ml\/","og_locale":"fr_FR","og_type":"article","og_title":"Pluryal Silk 2 ml - Ademedics","og_url":"https:\/\/ademedics.be\/fr\/produit\/pluryal-silk-2-ml\/","og_site_name":"Ademedics","article_modified_time":"2025-08-18T10:05:22+00:00","og_image":[{"width":1627,"height":1297,"url":"https:\/\/ademedics.be\/wp-content\/uploads\/2025\/01\/silk.png","type":"image\/png"}],"twitter_card":"summary_large_image","twitter_misc":{"Dur\u00e9e de lecture estim\u00e9e":"1 minute"},"schema":{"@context":"https:\/\/schema.org","@graph":[{"@type":"WebPage","@id":"https:\/\/ademedics.be\/fr\/produit\/pluryal-silk-2-ml\/","url":"https:\/\/ademedics.be\/fr\/produit\/pluryal-silk-2-ml\/","name":"Pluryal Silk 2 ml - Ademedics","isPartOf":{"@id":"https:\/\/ademedics.be\/fr\/#website"},"primaryImageOfPage":{"@id":"https:\/\/ademedics.be\/fr\/produit\/pluryal-silk-2-ml\/#primaryimage"},"image":{"@id":"https:\/\/ademedics.be\/fr\/produit\/pluryal-silk-2-ml\/#primaryimage"},"thumbnailUrl":"https:\/\/ademedics.be\/wp-content\/uploads\/2025\/01\/silk.png","datePublished":"2025-01-09T10:27:21+00:00","dateModified":"2025-08-18T10:05:22+00:00","breadcrumb":{"@id":"https:\/\/ademedics.be\/fr\/produit\/pluryal-silk-2-ml\/#breadcrumb"},"inLanguage":"fr-FR","potentialAction":[{"@type":"ReadAction","target":["https:\/\/ademedics.be\/fr\/produit\/pluryal-silk-2-ml\/"]}]},{"@type":"ImageObject","inLanguage":"fr-FR","@id":"https:\/\/ademedics.be\/fr\/produit\/pluryal-silk-2-ml\/#primaryimage","url":"https:\/\/ademedics.be\/wp-content\/uploads\/2025\/01\/silk.png","contentUrl":"https:\/\/ademedics.be\/wp-content\/uploads\/2025\/01\/silk.png","width":1627,"height":1297},{"@type":"BreadcrumbList","@id":"https:\/\/ademedics.be\/fr\/produit\/pluryal-silk-2-ml\/#breadcrumb","itemListElement":[{"@type":"ListItem","position":1,"name":"Home","item":"https:\/\/ademedics.be\/fr\/"},{"@type":"ListItem","position":2,"name":"Boutique","item":"https:\/\/ademedics.be\/fr\/boutique-2\/"},{"@type":"ListItem","position":3,"name":"Pluryal Silk 2 ml"}]},{"@type":"WebSite","@id":"https:\/\/ademedics.be\/fr\/#website","url":"https:\/\/ademedics.be\/fr\/","name":"Ademedics","description":"","publisher":{"@id":"https:\/\/ademedics.be\/fr\/#organization"},"potentialAction":[{"@type":"SearchAction","target":{"@type":"EntryPoint","urlTemplate":"https:\/\/ademedics.be\/fr\/?s={search_term_string}"},"query-input":{"@type":"PropertyValueSpecification","valueRequired":true,"valueName":"search_term_string"}}],"inLanguage":"fr-FR"},{"@type":"Organization","@id":"https:\/\/ademedics.be\/fr\/#organization","name":"Ademedics","url":"https:\/\/ademedics.be\/fr\/","logo":{"@type":"ImageObject","inLanguage":"fr-FR","@id":"https:\/\/ademedics.be\/fr\/#\/schema\/logo\/image\/","url":"https:\/\/ademedics.be\/wp-content\/uploads\/2025\/01\/ademedics-logo.png","contentUrl":"https:\/\/ademedics.be\/wp-content\/uploads\/2025\/01\/ademedics-logo.png","width":500,"height":122,"caption":"Ademedics"},"image":{"@id":"https:\/\/ademedics.be\/fr\/#\/schema\/logo\/image\/"}}]}},"_links":{"self":[{"href":"https:\/\/ademedics.be\/fr\/wp-json\/wp\/v2\/product\/1005","targetHints":{"allow":["GET"]}}],"collection":[{"href":"https:\/\/ademedics.be\/fr\/wp-json\/wp\/v2\/product"}],"about":[{"href":"https:\/\/ademedics.be\/fr\/wp-json\/wp\/v2\/types\/product"}],"replies":[{"embeddable":true,"href":"https:\/\/ademedics.be\/fr\/wp-json\/wp\/v2\/comments?post=1005"}],"wp:featuredmedia":[{"embeddable":true,"href":"https:\/\/ademedics.be\/fr\/wp-json\/wp\/v2\/media\/330"}],"wp:attachment":[{"href":"https:\/\/ademedics.be\/fr\/wp-json\/wp\/v2\/media?parent=1005"}],"wp:term":[{"taxonomy":"product_brand","embeddable":true,"href":"https:\/\/ademedics.be\/fr\/wp-json\/wp\/v2\/product_brand?post=1005"},{"taxonomy":"product_cat","embeddable":true,"href":"https:\/\/ademedics.be\/fr\/wp-json\/wp\/v2\/product_cat?post=1005"},{"taxonomy":"product_tag","embeddable":true,"href":"https:\/\/ademedics.be\/fr\/wp-json\/wp\/v2\/product_tag?post=1005"},{"taxonomy":"berocket_brand","embeddable":true,"href":"https:\/\/ademedics.be\/fr\/wp-json\/wp\/v2\/berocket_brand?post=1005"}],"curies":[{"name":"wp","href":"https:\/\/api.w.org\/{rel}","templated":true}]}}