{"id":1003,"date":"2025-01-09T11:33:09","date_gmt":"2025-01-09T10:33:09","guid":{"rendered":"https:\/\/ademedics.be\/product\/1003\/"},"modified":"2025-01-09T11:33:09","modified_gmt":"2025-01-09T10:33:09","slug":"1003","status":"publish","type":"product","link":"https:\/\/ademedics.be\/fr\/produit\/1003\/","title":{"rendered":""},"content":{"rendered":"<h3><strong>Pluryal Biosculpture &#8211; traitement du rel\u00e2chement cutan\u00e9<\/strong><\/h3>\n<p data-start=\"113\" data-end=\"330\">Pluryal Biosculpture est un dispositif m\u00e9dical injectable bas\u00e9 sur la <strong data-start=\"183\" data-end=\"211\">MATRICYAL 3D TECHNOLOGY\u00ae<\/strong>. Il s\u2019agit d\u2019un implant en gel apyrog\u00e8ne, physiologique, r\u00e9sorbable et st\u00e9rile, agissant comme un <strong data-start=\"310\" data-end=\"327\">\u00ab densifier \u00bb<\/strong>.<\/p>\n<h3 data-start=\"332\" data-end=\"461\"><strong data-start=\"332\" data-end=\"342\">Action<\/strong><\/h3>\n<p data-start=\"332\" data-end=\"461\">Il am\u00e9liore la qualit\u00e9 de la peau du visage et cible les petites pertes de volume ainsi que le rel\u00e2chement cutan\u00e9.<\/p>\n<h3 data-start=\"463\" data-end=\"480\"><strong data-start=\"463\" data-end=\"478\">Composition<\/strong><\/h3>\n<ul data-start=\"481\" data-end=\"577\">\n<li data-start=\"481\" data-end=\"514\">25 mg\/ml d\u2019acide hyaluronique<\/li>\n<li data-start=\"515\" data-end=\"577\">10 % d\u2019acide hyaluronique libre int\u00e9gr\u00e9 dans la matrice 3D<\/li>\n<\/ul>\n<p><img loading=\"lazy\" decoding=\"async\" class=\"alignnone wp-image-598\" src=\"https:\/\/ademedics.be\/wp-content\/uploads\/2025\/01\/Ontwerp-zonder-titel-e1737648601644-300x131.png\" alt=\"\" width=\"563\" height=\"246\" srcset=\"https:\/\/ademedics.be\/wp-content\/uploads\/2025\/01\/Ontwerp-zonder-titel-e1737648601644-300x131.png 300w, https:\/\/ademedics.be\/wp-content\/uploads\/2025\/01\/Ontwerp-zonder-titel-e1737648601644-1024x448.png 1024w, https:\/\/ademedics.be\/wp-content\/uploads\/2025\/01\/Ontwerp-zonder-titel-e1737648601644-768x336.png 768w, https:\/\/ademedics.be\/wp-content\/uploads\/2025\/01\/Ontwerp-zonder-titel-e1737648601644-600x262.png 600w, https:\/\/ademedics.be\/wp-content\/uploads\/2025\/01\/Ontwerp-zonder-titel-e1737648601644.png 1080w\" sizes=\"auto, (max-width: 563px) 100vw, 563px\" \/><\/p>\n<h3 data-start=\"579\" data-end=\"603\"><strong data-start=\"579\" data-end=\"601\">R\u00e9sultats attendus<\/strong><\/h3>\n<ul data-start=\"604\" data-end=\"897\">\n<li data-start=\"604\" data-end=\"654\">\n<p data-start=\"606\" data-end=\"654\"><strong data-start=\"606\" data-end=\"618\">Rajeunit<\/strong> : raffermit le rel\u00e2chement cutan\u00e9<\/p>\n<\/li>\n<li data-start=\"655\" data-end=\"720\">\n<p data-start=\"657\" data-end=\"720\"><strong data-start=\"657\" data-end=\"668\">Hydrate<\/strong> : r\u00e9tablit l\u2019osmolarit\u00e9 naturelle des tissus mous<\/p>\n<\/li>\n<li data-start=\"721\" data-end=\"803\">\n<p data-start=\"723\" data-end=\"803\"><strong data-start=\"723\" data-end=\"738\">Restructure<\/strong> : stimule les r\u00e9cepteurs des tissus dermiques et hypodermiques<\/p>\n<\/li>\n<li data-start=\"804\" data-end=\"897\">\n<p data-start=\"806\" data-end=\"897\"><strong data-start=\"806\" data-end=\"834\">Restaure les hypovolumes<\/strong> : comble et recr\u00e9e les volumes perdus du visage et des mains<\/p>\n<\/li>\n<\/ul>\n<h3 data-start=\"899\" data-end=\"917\"><strong data-start=\"899\" data-end=\"915\">Zones cibles<\/strong><\/h3>\n<h3>\u00a0 <img loading=\"lazy\" decoding=\"async\" class=\"alignnone wp-image-608\" src=\"https:\/\/ademedics.be\/wp-content\/uploads\/2025\/01\/Distribution-of-the-different-HA-in-the-matrix-of-Pluryal\u00ae-Bioclassic-2-300x300.jpg\" alt=\"\" width=\"423\" height=\"423\" srcset=\"https:\/\/ademedics.be\/wp-content\/uploads\/2025\/01\/Distribution-of-the-different-HA-in-the-matrix-of-Pluryal\u00ae-Bioclassic-2-300x300.jpg 300w, https:\/\/ademedics.be\/wp-content\/uploads\/2025\/01\/Distribution-of-the-different-HA-in-the-matrix-of-Pluryal\u00ae-Bioclassic-2-1024x1024.jpg 1024w, https:\/\/ademedics.be\/wp-content\/uploads\/2025\/01\/Distribution-of-the-different-HA-in-the-matrix-of-Pluryal\u00ae-Bioclassic-2-150x150.jpg 150w, https:\/\/ademedics.be\/wp-content\/uploads\/2025\/01\/Distribution-of-the-different-HA-in-the-matrix-of-Pluryal\u00ae-Bioclassic-2-768x768.jpg 768w, https:\/\/ademedics.be\/wp-content\/uploads\/2025\/01\/Distribution-of-the-different-HA-in-the-matrix-of-Pluryal\u00ae-Bioclassic-2-400x400.jpg 400w, https:\/\/ademedics.be\/wp-content\/uploads\/2025\/01\/Distribution-of-the-different-HA-in-the-matrix-of-Pluryal\u00ae-Bioclassic-2-600x600.jpg 600w, https:\/\/ademedics.be\/wp-content\/uploads\/2025\/01\/Distribution-of-the-different-HA-in-the-matrix-of-Pluryal\u00ae-Bioclassic-2-100x100.jpg 100w, https:\/\/ademedics.be\/wp-content\/uploads\/2025\/01\/Distribution-of-the-different-HA-in-the-matrix-of-Pluryal\u00ae-Bioclassic-2.jpg 1080w\" sizes=\"auto, (max-width: 423px) 100vw, 423px\" \/><\/h3>\n<h3 data-start=\"919\" data-end=\"1042\"><strong data-start=\"919\" data-end=\"934\">Indications<\/strong><\/h3>\n<p data-start=\"919\" data-end=\"1042\">Traitement des imperfections n\u00e9cessitant un enrichissement du tissu facial par augmentation de volume :<\/p>\n<ul data-start=\"1043\" data-end=\"1125\">\n<li data-start=\"1043\" data-end=\"1079\">\n<p data-start=\"1045\" data-end=\"1079\">Perte de volume mod\u00e9r\u00e9e et rides<\/p>\n<\/li>\n<li data-start=\"1080\" data-end=\"1102\">\n<p data-start=\"1082\" data-end=\"1102\">Rel\u00e2chement cutan\u00e9<\/p>\n<\/li>\n<li data-start=\"1103\" data-end=\"1125\">\n<p data-start=\"1105\" data-end=\"1125\">Qualit\u00e9 de la peau<\/p>\n<\/li>\n<\/ul>\n<h3 data-start=\"1127\" data-end=\"1146\"><strong data-start=\"1127\" data-end=\"1144\">Cross-linking<\/strong><\/h3>\n<ul data-start=\"1147\" data-end=\"1167\">\n<li data-start=\"1147\" data-end=\"1167\">\n<p data-start=\"1149\" data-end=\"1167\">(BDDE &lt; 0,1 ppm)<\/p>\n<\/li>\n<\/ul>\n<h3 data-start=\"1169\" data-end=\"1520\"><strong data-start=\"1169\" data-end=\"1186\">St\u00e9rilisation<\/strong><\/h3>\n<p data-start=\"1169\" data-end=\"1520\">Vapeur<\/p>\n<h3 data-start=\"1169\" data-end=\"1520\"><strong data-start=\"1198\" data-end=\"1230\">Niveau d\u2019endotoxines (EU\/mL)<\/strong><\/h3>\n<p data-start=\"1169\" data-end=\"1520\">&lt; 20<\/p>\n<h3 data-start=\"1169\" data-end=\"1520\"><strong data-start=\"1240\" data-end=\"1266\">Profondeur d\u2019inj<\/strong><strong data-start=\"1240\" data-end=\"1266\">ection<\/strong><\/h3>\n<p data-start=\"1169\" data-end=\"1520\">Derme profond \/ hypoderme superficiel<\/p>\n<h3 data-start=\"1169\" data-end=\"1520\"><strong data-start=\"1309\" data-end=\"1335\">Traitement d\u2019entretien<\/strong><\/h3>\n<p data-start=\"1169\" data-end=\"1520\">Traitement initial : 3 s\u00e9ances \u00e0 3 semaines d\u2019intervalle \u2013 entretien : tous les 3-6 mois<\/p>\n<h3 data-start=\"1169\" data-end=\"1520\"><strong data-start=\"1429\" data-end=\"1444\">Marquage CE<\/strong><\/h3>\n<p data-start=\"1169\" data-end=\"1520\">Seringue (CE 0373, MD Skin Solutions) | aiguilles (CE 0123, Sterimedix)<\/p>\n<h3 data-start=\"1522\" data-end=\"1628\"><strong data-start=\"1522\" data-end=\"1548\">Contenu de l\u2019emballage<\/strong><\/h3>\n<p data-start=\"1522\" data-end=\"1628\">2 x seringues pr\u00e9remplies de 1,1 ml | 2 x aiguilles 27G | 2 x aiguilles 30G<\/p>\n<h3 data-start=\"1630\" data-end=\"1815\"><strong data-start=\"1630\" data-end=\"1671\">Vous \u00eates un professionnel de sant\u00e9 ?<\/strong><br data-start=\"1671\" data-end=\"1674\" \/>Cr\u00e9ez un compte pour acc\u00e9der aux prix et aux informations m\u00e9dicales compl\u00e9mentaires. Profitez \u00e9galement de r\u00e9ductions \u00e0 partir de 6 unit\u00e9s.<\/h3>\n","protected":false},"excerpt":{"rendered":"<p>Pluryal Biosculpture &#8211; traitement du rel\u00e2chement cutan\u00e9 Pluryal Biosculpture est un dispositif m\u00e9dical injectable bas\u00e9 sur la MATRICYAL 3D TECHNOLOGY\u00ae. Il s\u2019agit d\u2019un implant en gel apyrog\u00e8ne, physiologique, r\u00e9sorbable et st\u00e9rile, agissant comme un \u00ab densifier \u00bb. Action Il am\u00e9liore la qualit\u00e9 de la peau du visage et cible les petites pertes de volume ainsi [&hellip;]<\/p>\n","protected":false},"featured_media":322,"comment_status":"open","ping_status":"closed","template":"","meta":{"_acf_changed":false},"product_brand":[],"product_cat":[43],"product_tag":[44],"berocket_brand":[42],"class_list":{"0":"post-1003","1":"product","2":"type-product","3":"status-publish","4":"has-post-thumbnail","6":"product_cat-biofillers-fr","7":"product_tag-pluryal-fr","8":"berocket_brand-pluryal-fr","9":"wcmo-protected-item wcmo-protected-product","11":"first","12":"instock","13":"taxable","14":"shipping-taxable","15":"product-type-simple"},"acf":[],"yoast_head":"<!-- This site is optimized with the Yoast SEO plugin v27.2 - https:\/\/yoast.com\/product\/yoast-seo-wordpress\/ -->\n<title>- Ademedics<\/title>\n<meta name=\"robots\" content=\"index, follow, max-snippet:-1, max-image-preview:large, max-video-preview:-1\" \/>\n<link rel=\"canonical\" href=\"https:\/\/ademedics.be\/fr\/produit\/1003\/\" \/>\n<meta property=\"og:locale\" content=\"fr_FR\" \/>\n<meta property=\"og:type\" content=\"article\" \/>\n<meta property=\"og:title\" content=\"- Ademedics\" \/>\n<meta property=\"og:description\" content=\"Pluryal Biosculpture &#8211; traitement du rel\u00e2chement cutan\u00e9 Pluryal Biosculpture est un dispositif m\u00e9dical injectable bas\u00e9 sur la MATRICYAL 3D TECHNOLOGY\u00ae. Il s\u2019agit d\u2019un implant en gel apyrog\u00e8ne, physiologique, r\u00e9sorbable et st\u00e9rile, agissant comme un \u00ab densifier \u00bb. Action Il am\u00e9liore la qualit\u00e9 de la peau du visage et cible les petites pertes de volume ainsi [&hellip;]\" \/>\n<meta property=\"og:url\" content=\"https:\/\/ademedics.be\/fr\/produit\/1003\/\" \/>\n<meta property=\"og:site_name\" content=\"Ademedics\" \/>\n<meta property=\"og:image\" content=\"https:\/\/ademedics.be\/wp-content\/uploads\/2025\/01\/biosculpture.png\" \/>\n\t<meta property=\"og:image:width\" content=\"1627\" \/>\n\t<meta property=\"og:image:height\" content=\"1297\" \/>\n\t<meta property=\"og:image:type\" content=\"image\/png\" \/>\n<meta name=\"twitter:card\" content=\"summary_large_image\" \/>\n<meta name=\"twitter:label1\" content=\"Dur\u00e9e de lecture estim\u00e9e\" \/>\n\t<meta name=\"twitter:data1\" content=\"1 minute\" \/>\n<script type=\"application\/ld+json\" class=\"yoast-schema-graph\">{\"@context\":\"https:\/\/schema.org\",\"@graph\":[{\"@type\":\"WebPage\",\"@id\":\"https:\/\/ademedics.be\/fr\/produit\/1003\/\",\"url\":\"https:\/\/ademedics.be\/fr\/produit\/1003\/\",\"name\":\"- Ademedics\",\"isPartOf\":{\"@id\":\"https:\/\/ademedics.be\/fr\/#website\"},\"primaryImageOfPage\":{\"@id\":\"https:\/\/ademedics.be\/fr\/produit\/1003\/#primaryimage\"},\"image\":{\"@id\":\"https:\/\/ademedics.be\/fr\/produit\/1003\/#primaryimage\"},\"thumbnailUrl\":\"https:\/\/ademedics.be\/wp-content\/uploads\/2025\/01\/biosculpture.png\",\"datePublished\":\"2025-01-09T10:33:09+00:00\",\"breadcrumb\":{\"@id\":\"https:\/\/ademedics.be\/fr\/produit\/1003\/#breadcrumb\"},\"inLanguage\":\"fr-FR\",\"potentialAction\":[{\"@type\":\"ReadAction\",\"target\":[\"https:\/\/ademedics.be\/fr\/produit\/1003\/\"]}]},{\"@type\":\"ImageObject\",\"inLanguage\":\"fr-FR\",\"@id\":\"https:\/\/ademedics.be\/fr\/produit\/1003\/#primaryimage\",\"url\":\"https:\/\/ademedics.be\/wp-content\/uploads\/2025\/01\/biosculpture.png\",\"contentUrl\":\"https:\/\/ademedics.be\/wp-content\/uploads\/2025\/01\/biosculpture.png\",\"width\":1627,\"height\":1297},{\"@type\":\"BreadcrumbList\",\"@id\":\"https:\/\/ademedics.be\/fr\/produit\/1003\/#breadcrumb\",\"itemListElement\":[{\"@type\":\"ListItem\",\"position\":1,\"name\":\"Home\",\"item\":\"https:\/\/ademedics.be\/fr\/\"},{\"@type\":\"ListItem\",\"position\":2,\"name\":\"Boutique\",\"item\":\"https:\/\/ademedics.be\/fr\/boutique-2\/\"}]},{\"@type\":\"WebSite\",\"@id\":\"https:\/\/ademedics.be\/fr\/#website\",\"url\":\"https:\/\/ademedics.be\/fr\/\",\"name\":\"Ademedics\",\"description\":\"\",\"publisher\":{\"@id\":\"https:\/\/ademedics.be\/fr\/#organization\"},\"potentialAction\":[{\"@type\":\"SearchAction\",\"target\":{\"@type\":\"EntryPoint\",\"urlTemplate\":\"https:\/\/ademedics.be\/fr\/?s={search_term_string}\"},\"query-input\":{\"@type\":\"PropertyValueSpecification\",\"valueRequired\":true,\"valueName\":\"search_term_string\"}}],\"inLanguage\":\"fr-FR\"},{\"@type\":\"Organization\",\"@id\":\"https:\/\/ademedics.be\/fr\/#organization\",\"name\":\"Ademedics\",\"url\":\"https:\/\/ademedics.be\/fr\/\",\"logo\":{\"@type\":\"ImageObject\",\"inLanguage\":\"fr-FR\",\"@id\":\"https:\/\/ademedics.be\/fr\/#\/schema\/logo\/image\/\",\"url\":\"https:\/\/ademedics.be\/wp-content\/uploads\/2025\/01\/ademedics-logo.png\",\"contentUrl\":\"https:\/\/ademedics.be\/wp-content\/uploads\/2025\/01\/ademedics-logo.png\",\"width\":500,\"height\":122,\"caption\":\"Ademedics\"},\"image\":{\"@id\":\"https:\/\/ademedics.be\/fr\/#\/schema\/logo\/image\/\"}}]}<\/script>\n<!-- \/ Yoast SEO plugin. -->","yoast_head_json":{"title":"- Ademedics","robots":{"index":"index","follow":"follow","max-snippet":"max-snippet:-1","max-image-preview":"max-image-preview:large","max-video-preview":"max-video-preview:-1"},"canonical":"https:\/\/ademedics.be\/fr\/produit\/1003\/","og_locale":"fr_FR","og_type":"article","og_title":"- Ademedics","og_description":"Pluryal Biosculpture &#8211; traitement du rel\u00e2chement cutan\u00e9 Pluryal Biosculpture est un dispositif m\u00e9dical injectable bas\u00e9 sur la MATRICYAL 3D TECHNOLOGY\u00ae. Il s\u2019agit d\u2019un implant en gel apyrog\u00e8ne, physiologique, r\u00e9sorbable et st\u00e9rile, agissant comme un \u00ab densifier \u00bb. Action Il am\u00e9liore la qualit\u00e9 de la peau du visage et cible les petites pertes de volume ainsi [&hellip;]","og_url":"https:\/\/ademedics.be\/fr\/produit\/1003\/","og_site_name":"Ademedics","og_image":[{"width":1627,"height":1297,"url":"https:\/\/ademedics.be\/wp-content\/uploads\/2025\/01\/biosculpture.png","type":"image\/png"}],"twitter_card":"summary_large_image","twitter_misc":{"Dur\u00e9e de lecture estim\u00e9e":"1 minute"},"schema":{"@context":"https:\/\/schema.org","@graph":[{"@type":"WebPage","@id":"https:\/\/ademedics.be\/fr\/produit\/1003\/","url":"https:\/\/ademedics.be\/fr\/produit\/1003\/","name":"- Ademedics","isPartOf":{"@id":"https:\/\/ademedics.be\/fr\/#website"},"primaryImageOfPage":{"@id":"https:\/\/ademedics.be\/fr\/produit\/1003\/#primaryimage"},"image":{"@id":"https:\/\/ademedics.be\/fr\/produit\/1003\/#primaryimage"},"thumbnailUrl":"https:\/\/ademedics.be\/wp-content\/uploads\/2025\/01\/biosculpture.png","datePublished":"2025-01-09T10:33:09+00:00","breadcrumb":{"@id":"https:\/\/ademedics.be\/fr\/produit\/1003\/#breadcrumb"},"inLanguage":"fr-FR","potentialAction":[{"@type":"ReadAction","target":["https:\/\/ademedics.be\/fr\/produit\/1003\/"]}]},{"@type":"ImageObject","inLanguage":"fr-FR","@id":"https:\/\/ademedics.be\/fr\/produit\/1003\/#primaryimage","url":"https:\/\/ademedics.be\/wp-content\/uploads\/2025\/01\/biosculpture.png","contentUrl":"https:\/\/ademedics.be\/wp-content\/uploads\/2025\/01\/biosculpture.png","width":1627,"height":1297},{"@type":"BreadcrumbList","@id":"https:\/\/ademedics.be\/fr\/produit\/1003\/#breadcrumb","itemListElement":[{"@type":"ListItem","position":1,"name":"Home","item":"https:\/\/ademedics.be\/fr\/"},{"@type":"ListItem","position":2,"name":"Boutique","item":"https:\/\/ademedics.be\/fr\/boutique-2\/"}]},{"@type":"WebSite","@id":"https:\/\/ademedics.be\/fr\/#website","url":"https:\/\/ademedics.be\/fr\/","name":"Ademedics","description":"","publisher":{"@id":"https:\/\/ademedics.be\/fr\/#organization"},"potentialAction":[{"@type":"SearchAction","target":{"@type":"EntryPoint","urlTemplate":"https:\/\/ademedics.be\/fr\/?s={search_term_string}"},"query-input":{"@type":"PropertyValueSpecification","valueRequired":true,"valueName":"search_term_string"}}],"inLanguage":"fr-FR"},{"@type":"Organization","@id":"https:\/\/ademedics.be\/fr\/#organization","name":"Ademedics","url":"https:\/\/ademedics.be\/fr\/","logo":{"@type":"ImageObject","inLanguage":"fr-FR","@id":"https:\/\/ademedics.be\/fr\/#\/schema\/logo\/image\/","url":"https:\/\/ademedics.be\/wp-content\/uploads\/2025\/01\/ademedics-logo.png","contentUrl":"https:\/\/ademedics.be\/wp-content\/uploads\/2025\/01\/ademedics-logo.png","width":500,"height":122,"caption":"Ademedics"},"image":{"@id":"https:\/\/ademedics.be\/fr\/#\/schema\/logo\/image\/"}}]}},"_links":{"self":[{"href":"https:\/\/ademedics.be\/fr\/wp-json\/wp\/v2\/product\/1003","targetHints":{"allow":["GET"]}}],"collection":[{"href":"https:\/\/ademedics.be\/fr\/wp-json\/wp\/v2\/product"}],"about":[{"href":"https:\/\/ademedics.be\/fr\/wp-json\/wp\/v2\/types\/product"}],"replies":[{"embeddable":true,"href":"https:\/\/ademedics.be\/fr\/wp-json\/wp\/v2\/comments?post=1003"}],"wp:featuredmedia":[{"embeddable":true,"href":"https:\/\/ademedics.be\/fr\/wp-json\/wp\/v2\/media\/322"}],"wp:attachment":[{"href":"https:\/\/ademedics.be\/fr\/wp-json\/wp\/v2\/media?parent=1003"}],"wp:term":[{"taxonomy":"product_brand","embeddable":true,"href":"https:\/\/ademedics.be\/fr\/wp-json\/wp\/v2\/product_brand?post=1003"},{"taxonomy":"product_cat","embeddable":true,"href":"https:\/\/ademedics.be\/fr\/wp-json\/wp\/v2\/product_cat?post=1003"},{"taxonomy":"product_tag","embeddable":true,"href":"https:\/\/ademedics.be\/fr\/wp-json\/wp\/v2\/product_tag?post=1003"},{"taxonomy":"berocket_brand","embeddable":true,"href":"https:\/\/ademedics.be\/fr\/wp-json\/wp\/v2\/berocket_brand?post=1003"}],"curies":[{"name":"wp","href":"https:\/\/api.w.org\/{rel}","templated":true}]}}