{"id":996,"date":"2025-01-02T13:54:26","date_gmt":"2025-01-02T12:54:26","guid":{"rendered":"https:\/\/ademedics.be\/qui-sommes-nous\/"},"modified":"2025-08-18T10:54:04","modified_gmt":"2025-08-18T08:54:04","slug":"qui-sommes-nous","status":"publish","type":"page","link":"https:\/\/ademedics.be\/fr\/qui-sommes-nous\/","title":{"rendered":"Qui sommes-nous"},"content":{"rendered":"\n<figure class=\"wp-block-image aligncenter size-full is-resized\"><img loading=\"lazy\" decoding=\"async\" width=\"500\" height=\"122\" src=\"https:\/\/ademedics.be\/wp-content\/uploads\/2025\/01\/ademedics-logo.png\" alt=\"\" class=\"wp-image-129\" style=\"width:246px;height:auto\" srcset=\"https:\/\/ademedics.be\/wp-content\/uploads\/2025\/01\/ademedics-logo.png 500w, https:\/\/ademedics.be\/wp-content\/uploads\/2025\/01\/ademedics-logo-300x73.png 300w\" sizes=\"auto, (max-width: 500px) 100vw, 500px\" \/><\/figure>\n\n<div style=\"height:50px\" aria-hidden=\"true\" class=\"wp-block-spacer\"><\/div>\n\n<div class=\"wp-block-columns is-layout-flex wp-container-core-columns-is-layout-ef06f3fc wp-block-columns-is-layout-flex\">\n<div class=\"wp-block-column is-layout-flow wp-block-column-is-layout-flow\">\n<figure class=\"wp-block-image size-large is-resized is-style-rounded\"><img loading=\"lazy\" decoding=\"async\" width=\"642\" height=\"1024\" src=\"https:\/\/ademedics.be\/wp-content\/uploads\/2025\/05\/WhatsApp-Image-2025-05-15-at-11.31.47-642x1024.jpeg\" alt=\"\" class=\"wp-image-898\" style=\"width:451px;height:auto\" srcset=\"https:\/\/ademedics.be\/wp-content\/uploads\/2025\/05\/WhatsApp-Image-2025-05-15-at-11.31.47-642x1024.jpeg 642w, https:\/\/ademedics.be\/wp-content\/uploads\/2025\/05\/WhatsApp-Image-2025-05-15-at-11.31.47-188x300.jpeg 188w, https:\/\/ademedics.be\/wp-content\/uploads\/2025\/05\/WhatsApp-Image-2025-05-15-at-11.31.47-768x1226.jpeg 768w, https:\/\/ademedics.be\/wp-content\/uploads\/2025\/05\/WhatsApp-Image-2025-05-15-at-11.31.47-963x1536.jpeg 963w, https:\/\/ademedics.be\/wp-content\/uploads\/2025\/05\/WhatsApp-Image-2025-05-15-at-11.31.47-600x957.jpeg 600w, https:\/\/ademedics.be\/wp-content\/uploads\/2025\/05\/WhatsApp-Image-2025-05-15-at-11.31.47.jpeg 1002w\" sizes=\"auto, (max-width: 642px) 100vw, 642px\" \/><\/figure>\n<\/div>\n\n\n\n<div class=\"wp-block-column is-vertically-aligned-center is-layout-flow wp-block-column-is-layout-flow\">\n<p class=\"has-large-font-size\"><strong>Timeless beauty backed by science<\/strong><\/p>\n\n\n\n<p class=\"has-poppins-font-family\">Ademedics <strong>est le partenaire privil\u00e9gi\u00e9 des cliniques esth\u00e9tiques haut de gamme et des professionnels de la peau<\/strong> au Benelux. Nous soutenons les m\u00e9decins esth\u00e9tiques, dermatologues, chirurgiens plasticiens et th\u00e9rapeutes de la peau avec des solutions scientifiquement prouv\u00e9es qui renforcent la beaut\u00e9 naturelle de leurs patients.<\/p>\n\n\n\n<p class=\"has-poppins-font-family\">Notre objectif ? Accompagner chaque patient vers une peau saine et \u00e9clatante, quel que soit son \u00e2ge ou sa phase de vie.<\/p>\n<\/div>\n<\/div>\n\n<div class=\"wp-block-columns is-layout-flex wp-container-core-columns-is-layout-28f84493 wp-block-columns-is-layout-flex\">\n<div class=\"wp-block-column is-layout-flow wp-block-column-is-layout-flow\"><\/div>\n<\/div>\n\n<div class=\"wp-block-columns mb-reverse is-layout-flex wp-container-core-columns-is-layout-ef06f3fc wp-block-columns-is-layout-flex\">\n<div class=\"wp-block-column is-vertically-aligned-center is-layout-flow wp-block-column-is-layout-flow\">\n<p class=\"has-large-font-size\"><\/p>\n\n\n\n<p class=\"has-poppins-font-family\">Avec les marques exclusives <strong>Biosil et Pluryal<\/strong>, Ademedics propose une offre efficace et compl\u00e9mentaire dans le domaine de la<strong> biostimulation pour la peau et les cheveux.<\/strong> Ces produits innovants stimulent la capacit\u00e9 naturelle de r\u00e9g\u00e9n\u00e9ration de l\u2019organisme, permettant aux patients de conserver une apparence fra\u00eeche et pleine de confiance \u2013 de mani\u00e8re naturelle. Qu\u2019il s\u2019agisse de pr\u00e9venir le vieillissement cutan\u00e9 ou de traiter sp\u00e9cifiquement un probl\u00e8me de peau, Ademedics apporte la solution pour une beaut\u00e9 intemporelle et naturelle.<\/p>\n<\/div>\n\n\n\n<div class=\"wp-block-column is-layout-flow wp-block-column-is-layout-flow\">\n<figure class=\"wp-block-image size-full is-resized is-style-rounded\"><img loading=\"lazy\" decoding=\"async\" width=\"1429\" height=\"2000\" src=\"https:\/\/ademedics.be\/wp-content\/uploads\/2025\/01\/Ontwerp-zonder-titel-1.jpg\" alt=\"\" class=\"wp-image-500\" style=\"width:426px;height:auto\" srcset=\"https:\/\/ademedics.be\/wp-content\/uploads\/2025\/01\/Ontwerp-zonder-titel-1.jpg 1429w, https:\/\/ademedics.be\/wp-content\/uploads\/2025\/01\/Ontwerp-zonder-titel-1-214x300.jpg 214w, https:\/\/ademedics.be\/wp-content\/uploads\/2025\/01\/Ontwerp-zonder-titel-1-732x1024.jpg 732w, https:\/\/ademedics.be\/wp-content\/uploads\/2025\/01\/Ontwerp-zonder-titel-1-768x1075.jpg 768w, https:\/\/ademedics.be\/wp-content\/uploads\/2025\/01\/Ontwerp-zonder-titel-1-1097x1536.jpg 1097w, https:\/\/ademedics.be\/wp-content\/uploads\/2025\/01\/Ontwerp-zonder-titel-1-600x840.jpg 600w\" sizes=\"auto, (max-width: 1429px) 100vw, 1429px\" \/><\/figure>\n<\/div>\n<\/div>\n\n<div style=\"height:25px\" aria-hidden=\"true\" class=\"wp-block-spacer\"><\/div>\n\n<div class=\"wp-block-columns are-vertically-aligned-center is-layout-flex wp-container-core-columns-is-layout-cf05694f wp-block-columns-is-layout-flex\">\n<div class=\"wp-block-column is-vertically-aligned-center is-layout-flow wp-block-column-is-layout-flow\">\n<figure class=\"wp-block-image size-large is-resized is-style-rounded\"><img loading=\"lazy\" decoding=\"async\" width=\"732\" height=\"1024\" src=\"https:\/\/ademedics.be\/wp-content\/uploads\/2025\/01\/Ontwerp-zonder-titel-732x1024.jpg\" alt=\"\" class=\"wp-image-498\" style=\"width:440px;height:auto\" srcset=\"https:\/\/ademedics.be\/wp-content\/uploads\/2025\/01\/Ontwerp-zonder-titel-732x1024.jpg 732w, https:\/\/ademedics.be\/wp-content\/uploads\/2025\/01\/Ontwerp-zonder-titel-214x300.jpg 214w, https:\/\/ademedics.be\/wp-content\/uploads\/2025\/01\/Ontwerp-zonder-titel-768x1075.jpg 768w, https:\/\/ademedics.be\/wp-content\/uploads\/2025\/01\/Ontwerp-zonder-titel-1097x1536.jpg 1097w, https:\/\/ademedics.be\/wp-content\/uploads\/2025\/01\/Ontwerp-zonder-titel-600x840.jpg 600w, https:\/\/ademedics.be\/wp-content\/uploads\/2025\/01\/Ontwerp-zonder-titel.jpg 1429w\" sizes=\"auto, (max-width: 732px) 100vw, 732px\" \/><\/figure>\n<\/div>\n\n\n\n<div class=\"wp-block-column is-vertically-aligned-center is-layout-flow wp-block-column-is-layout-flow\">\n<p><p data-start=\"45\" data-end=\"484\">Pour nous, la s\u00e9curit\u00e9 et la qualit\u00e9 sont prioritaires. L\u2019efficacit\u00e9 de nos produits est \u00e9tay\u00e9e par des recherches scientifiques approfondies et des \u00e9tudes cliniques. La pharmacienne <strong>Ilse Deplancke<\/strong>, fondatrice d\u2019Ademedics, veille personnellement au respect de ces normes \u00e9lev\u00e9es. Son expertise et son engagement garantissent que chaque professionnel et patient peut avoir confiance en des solutions s\u00fbres et scientifiquement prouv\u00e9es.<\/p><br\/><p data-start=\"486\" data-end=\"816\">Ademedics ne propose pas seulement des produits de premi\u00e8re qualit\u00e9, mais offre \u00e9galement <strong>un soutien et des conseils complets aux professionnels de la peau.<\/strong> Ensemble, nous construisons un monde o\u00f9 science et beaut\u00e9 vont de pair, permettant aux patients de se sentir au mieux d\u2019eux-m\u00eames \u2013 \u00e0 l\u2019int\u00e9rieur comme \u00e0 l\u2019ext\u00e9rieur.<\/p><\/p>\n<\/div>\n<\/div>\n\n<p><\/p>\n","protected":false},"excerpt":{"rendered":"<p>Timeless beauty backed by science Ademedics est le partenaire privil\u00e9gi\u00e9 des cliniques esth\u00e9tiques haut de gamme et des professionnels de la peau au Benelux. Nous soutenons les m\u00e9decins esth\u00e9tiques, dermatologues, chirurgiens plasticiens et th\u00e9rapeutes de la peau avec des solutions scientifiquement prouv\u00e9es qui renforcent la beaut\u00e9 naturelle de leurs patients. Notre objectif ? Accompagner chaque [&hellip;]<\/p>\n","protected":false},"author":1,"featured_media":0,"parent":0,"menu_order":0,"comment_status":"closed","ping_status":"closed","template":"","meta":{"_acf_changed":false,"footnotes":""},"class_list":["post-996","page","type-page","status-publish","hentry"],"acf":[],"yoast_head":"<!-- This site is optimized with the Yoast SEO plugin v27.2 - https:\/\/yoast.com\/product\/yoast-seo-wordpress\/ -->\n<title>Qui sommes-nous - Ademedics<\/title>\n<meta name=\"robots\" content=\"index, follow, max-snippet:-1, max-image-preview:large, max-video-preview:-1\" \/>\n<link rel=\"canonical\" href=\"https:\/\/ademedics.be\/fr\/qui-sommes-nous\/\" \/>\n<meta property=\"og:locale\" content=\"fr_FR\" \/>\n<meta property=\"og:type\" content=\"article\" \/>\n<meta property=\"og:title\" content=\"Qui sommes-nous - Ademedics\" \/>\n<meta property=\"og:description\" content=\"Timeless beauty backed by science Ademedics est le partenaire privil\u00e9gi\u00e9 des cliniques esth\u00e9tiques haut de gamme et des professionnels de la peau au Benelux. Nous soutenons les m\u00e9decins esth\u00e9tiques, dermatologues, chirurgiens plasticiens et th\u00e9rapeutes de la peau avec des solutions scientifiquement prouv\u00e9es qui renforcent la beaut\u00e9 naturelle de leurs patients. Notre objectif ? Accompagner chaque [&hellip;]\" \/>\n<meta property=\"og:url\" content=\"https:\/\/ademedics.be\/fr\/qui-sommes-nous\/\" \/>\n<meta property=\"og:site_name\" content=\"Ademedics\" \/>\n<meta property=\"article:modified_time\" content=\"2025-08-18T08:54:04+00:00\" \/>\n<meta property=\"og:image\" content=\"https:\/\/ademedics.be\/wp-content\/uploads\/2025\/01\/ademedics-logo.png\" \/>\n\t<meta property=\"og:image:width\" content=\"500\" \/>\n\t<meta property=\"og:image:height\" content=\"122\" \/>\n\t<meta property=\"og:image:type\" content=\"image\/png\" \/>\n<meta name=\"twitter:card\" content=\"summary_large_image\" \/>\n<meta name=\"twitter:label1\" content=\"Dur\u00e9e de lecture estim\u00e9e\" \/>\n\t<meta name=\"twitter:data1\" content=\"1 minute\" \/>\n<script type=\"application\/ld+json\" class=\"yoast-schema-graph\">{\"@context\":\"https:\/\/schema.org\",\"@graph\":[{\"@type\":\"WebPage\",\"@id\":\"https:\/\/ademedics.be\/fr\/qui-sommes-nous\/\",\"url\":\"https:\/\/ademedics.be\/fr\/qui-sommes-nous\/\",\"name\":\"Qui sommes-nous - Ademedics\",\"isPartOf\":{\"@id\":\"https:\/\/ademedics.be\/fr\/#website\"},\"primaryImageOfPage\":{\"@id\":\"https:\/\/ademedics.be\/fr\/qui-sommes-nous\/#primaryimage\"},\"image\":{\"@id\":\"https:\/\/ademedics.be\/fr\/qui-sommes-nous\/#primaryimage\"},\"thumbnailUrl\":\"https:\/\/ademedics.be\/wp-content\/uploads\/2025\/01\/ademedics-logo.png\",\"datePublished\":\"2025-01-02T12:54:26+00:00\",\"dateModified\":\"2025-08-18T08:54:04+00:00\",\"breadcrumb\":{\"@id\":\"https:\/\/ademedics.be\/fr\/qui-sommes-nous\/#breadcrumb\"},\"inLanguage\":\"fr-FR\",\"potentialAction\":[{\"@type\":\"ReadAction\",\"target\":[\"https:\/\/ademedics.be\/fr\/qui-sommes-nous\/\"]}]},{\"@type\":\"ImageObject\",\"inLanguage\":\"fr-FR\",\"@id\":\"https:\/\/ademedics.be\/fr\/qui-sommes-nous\/#primaryimage\",\"url\":\"https:\/\/ademedics.be\/wp-content\/uploads\/2025\/01\/ademedics-logo.png\",\"contentUrl\":\"https:\/\/ademedics.be\/wp-content\/uploads\/2025\/01\/ademedics-logo.png\"},{\"@type\":\"BreadcrumbList\",\"@id\":\"https:\/\/ademedics.be\/fr\/qui-sommes-nous\/#breadcrumb\",\"itemListElement\":[{\"@type\":\"ListItem\",\"position\":1,\"name\":\"Home\",\"item\":\"https:\/\/ademedics.be\/fr\/\"},{\"@type\":\"ListItem\",\"position\":2,\"name\":\"Qui sommes-nous\"}]},{\"@type\":\"WebSite\",\"@id\":\"https:\/\/ademedics.be\/fr\/#website\",\"url\":\"https:\/\/ademedics.be\/fr\/\",\"name\":\"Ademedics\",\"description\":\"\",\"publisher\":{\"@id\":\"https:\/\/ademedics.be\/fr\/#organization\"},\"potentialAction\":[{\"@type\":\"SearchAction\",\"target\":{\"@type\":\"EntryPoint\",\"urlTemplate\":\"https:\/\/ademedics.be\/fr\/?s={search_term_string}\"},\"query-input\":{\"@type\":\"PropertyValueSpecification\",\"valueRequired\":true,\"valueName\":\"search_term_string\"}}],\"inLanguage\":\"fr-FR\"},{\"@type\":\"Organization\",\"@id\":\"https:\/\/ademedics.be\/fr\/#organization\",\"name\":\"Ademedics\",\"url\":\"https:\/\/ademedics.be\/fr\/\",\"logo\":{\"@type\":\"ImageObject\",\"inLanguage\":\"fr-FR\",\"@id\":\"https:\/\/ademedics.be\/fr\/#\/schema\/logo\/image\/\",\"url\":\"https:\/\/ademedics.be\/wp-content\/uploads\/2025\/01\/ademedics-logo.png\",\"contentUrl\":\"https:\/\/ademedics.be\/wp-content\/uploads\/2025\/01\/ademedics-logo.png\",\"width\":500,\"height\":122,\"caption\":\"Ademedics\"},\"image\":{\"@id\":\"https:\/\/ademedics.be\/fr\/#\/schema\/logo\/image\/\"}}]}<\/script>\n<!-- \/ Yoast SEO plugin. -->","yoast_head_json":{"title":"Qui sommes-nous - Ademedics","robots":{"index":"index","follow":"follow","max-snippet":"max-snippet:-1","max-image-preview":"max-image-preview:large","max-video-preview":"max-video-preview:-1"},"canonical":"https:\/\/ademedics.be\/fr\/qui-sommes-nous\/","og_locale":"fr_FR","og_type":"article","og_title":"Qui sommes-nous - Ademedics","og_description":"Timeless beauty backed by science Ademedics est le partenaire privil\u00e9gi\u00e9 des cliniques esth\u00e9tiques haut de gamme et des professionnels de la peau au Benelux. Nous soutenons les m\u00e9decins esth\u00e9tiques, dermatologues, chirurgiens plasticiens et th\u00e9rapeutes de la peau avec des solutions scientifiquement prouv\u00e9es qui renforcent la beaut\u00e9 naturelle de leurs patients. Notre objectif ? Accompagner chaque [&hellip;]","og_url":"https:\/\/ademedics.be\/fr\/qui-sommes-nous\/","og_site_name":"Ademedics","article_modified_time":"2025-08-18T08:54:04+00:00","og_image":[{"width":500,"height":122,"url":"https:\/\/ademedics.be\/wp-content\/uploads\/2025\/01\/ademedics-logo.png","type":"image\/png"}],"twitter_card":"summary_large_image","twitter_misc":{"Dur\u00e9e de lecture estim\u00e9e":"1 minute"},"schema":{"@context":"https:\/\/schema.org","@graph":[{"@type":"WebPage","@id":"https:\/\/ademedics.be\/fr\/qui-sommes-nous\/","url":"https:\/\/ademedics.be\/fr\/qui-sommes-nous\/","name":"Qui sommes-nous - Ademedics","isPartOf":{"@id":"https:\/\/ademedics.be\/fr\/#website"},"primaryImageOfPage":{"@id":"https:\/\/ademedics.be\/fr\/qui-sommes-nous\/#primaryimage"},"image":{"@id":"https:\/\/ademedics.be\/fr\/qui-sommes-nous\/#primaryimage"},"thumbnailUrl":"https:\/\/ademedics.be\/wp-content\/uploads\/2025\/01\/ademedics-logo.png","datePublished":"2025-01-02T12:54:26+00:00","dateModified":"2025-08-18T08:54:04+00:00","breadcrumb":{"@id":"https:\/\/ademedics.be\/fr\/qui-sommes-nous\/#breadcrumb"},"inLanguage":"fr-FR","potentialAction":[{"@type":"ReadAction","target":["https:\/\/ademedics.be\/fr\/qui-sommes-nous\/"]}]},{"@type":"ImageObject","inLanguage":"fr-FR","@id":"https:\/\/ademedics.be\/fr\/qui-sommes-nous\/#primaryimage","url":"https:\/\/ademedics.be\/wp-content\/uploads\/2025\/01\/ademedics-logo.png","contentUrl":"https:\/\/ademedics.be\/wp-content\/uploads\/2025\/01\/ademedics-logo.png"},{"@type":"BreadcrumbList","@id":"https:\/\/ademedics.be\/fr\/qui-sommes-nous\/#breadcrumb","itemListElement":[{"@type":"ListItem","position":1,"name":"Home","item":"https:\/\/ademedics.be\/fr\/"},{"@type":"ListItem","position":2,"name":"Qui sommes-nous"}]},{"@type":"WebSite","@id":"https:\/\/ademedics.be\/fr\/#website","url":"https:\/\/ademedics.be\/fr\/","name":"Ademedics","description":"","publisher":{"@id":"https:\/\/ademedics.be\/fr\/#organization"},"potentialAction":[{"@type":"SearchAction","target":{"@type":"EntryPoint","urlTemplate":"https:\/\/ademedics.be\/fr\/?s={search_term_string}"},"query-input":{"@type":"PropertyValueSpecification","valueRequired":true,"valueName":"search_term_string"}}],"inLanguage":"fr-FR"},{"@type":"Organization","@id":"https:\/\/ademedics.be\/fr\/#organization","name":"Ademedics","url":"https:\/\/ademedics.be\/fr\/","logo":{"@type":"ImageObject","inLanguage":"fr-FR","@id":"https:\/\/ademedics.be\/fr\/#\/schema\/logo\/image\/","url":"https:\/\/ademedics.be\/wp-content\/uploads\/2025\/01\/ademedics-logo.png","contentUrl":"https:\/\/ademedics.be\/wp-content\/uploads\/2025\/01\/ademedics-logo.png","width":500,"height":122,"caption":"Ademedics"},"image":{"@id":"https:\/\/ademedics.be\/fr\/#\/schema\/logo\/image\/"}}]}},"_links":{"self":[{"href":"https:\/\/ademedics.be\/fr\/wp-json\/wp\/v2\/pages\/996","targetHints":{"allow":["GET"]}}],"collection":[{"href":"https:\/\/ademedics.be\/fr\/wp-json\/wp\/v2\/pages"}],"about":[{"href":"https:\/\/ademedics.be\/fr\/wp-json\/wp\/v2\/types\/page"}],"author":[{"embeddable":true,"href":"https:\/\/ademedics.be\/fr\/wp-json\/wp\/v2\/users\/1"}],"replies":[{"embeddable":true,"href":"https:\/\/ademedics.be\/fr\/wp-json\/wp\/v2\/comments?post=996"}],"version-history":[{"count":1,"href":"https:\/\/ademedics.be\/fr\/wp-json\/wp\/v2\/pages\/996\/revisions"}],"predecessor-version":[{"id":997,"href":"https:\/\/ademedics.be\/fr\/wp-json\/wp\/v2\/pages\/996\/revisions\/997"}],"wp:attachment":[{"href":"https:\/\/ademedics.be\/fr\/wp-json\/wp\/v2\/media?parent=996"}],"curies":[{"name":"wp","href":"https:\/\/api.w.org\/{rel}","templated":true}]}}