{"id":984,"date":"2025-01-08T10:13:38","date_gmt":"2025-01-08T09:13:38","guid":{"rendered":"https:\/\/ademedics.be\/recevez-votre-identifiant\/"},"modified":"2025-08-18T10:37:21","modified_gmt":"2025-08-18T08:37:21","slug":"recevez-votre-identifiant","status":"publish","type":"page","link":"https:\/\/ademedics.be\/fr\/recevez-votre-identifiant\/","title":{"rendered":"Recevez votre identifiant"},"content":{"rendered":"<div class=\"yoast-breadcrumbs\"><span><span><a href=\"https:\/\/ademedics.be\/fr\/\">Home<\/a><\/span> \/ <span class=\"breadcrumb_last\" aria-current=\"page\">Recevez votre identifiant<\/span><\/span><\/div>\n<div class=\"wp-block-columns is-layout-flex wp-container-core-columns-is-layout-f5a44f5b wp-block-columns-is-layout-flex\">\n<div class=\"wp-block-column is-layout-flow wp-block-column-is-layout-flow\">\n<h1 class=\"wp-block-heading has-text-align-right\">Recevez votre identifiant<\/h1>\n\n\n\n<p class=\"has-text-align-right\">\u00cates-vous m\u00e9decin ou professionnel de la peau ?<\/p>\n\n\n\n<p class=\"has-text-align-right\">Demandez ici votre identifiant personnel et acc\u00e9dez \u00e0 la plateforme de commande B2B, aux informations scientifiques, aux protocoles de traitement, \u2026<\/p>\n<\/div>\n\n\n\n<div class=\"wp-block-column is-layout-flow wp-block-column-is-layout-flow\"><div class=\"woocommerce-notices-wrapper\"><\/div><form method=\"post\" class=\"woocommerce-form woocommerce-form-register register\" enctype=\"multipart\/form-data\">\n\n\t\t\t\n\t\t\t\n\t\t\t<p class=\"woocommerce-form-row woocommerce-form-row--wide form-row form-row-wide\">\n\t\t\t\t<label for=\"reg_email\">Adresse e-mail\u00a0<span class=\"required\" aria-hidden=\"true\">*<\/span><span class=\"screen-reader-text\">Obligatoire<\/span><\/label>\n\t\t\t\t<input type=\"email\" class=\"woocommerce-Input woocommerce-Input--text input-text\" name=\"email\" id=\"reg_email\" autocomplete=\"email\" value=\"\" required aria-required=\"true\">\t\t\t<\/p>\n\n\t\t\t\n\t\t\t\t<p class=\"woocommerce-form-row woocommerce-form-row--wide form-row form-row-wide\">\n\t\t\t\t\t<label for=\"reg_password\">Mot de passe\u00a0<span class=\"required\" aria-hidden=\"true\">*<\/span><span class=\"screen-reader-text\">Obligatoire<\/span><\/label>\n\t\t\t\t\t<input type=\"password\" class=\"woocommerce-Input woocommerce-Input--text input-text\" name=\"password\" id=\"reg_password\" autocomplete=\"new-password\" required aria-required=\"true\">\n\t\t\t\t<\/p>\n\n\t\t\t\n\t\t\t<wc-order-attribution-inputs><\/wc-order-attribution-inputs><p class=\"form-row wcmo_field_wrapper wcmo_field_wrapper_first_name wcmo_field_wrapper_text wcmo-show-field validate-required\" id=\"first_name_field\" data-priority=\"\"><label for=\"first_name\" class=\"required_field\"><span class=\"wcmo-label-text\">Voornaam<\/span>\u00a0<span class=\"required\" aria-hidden=\"true\">*<\/span><\/label><span class=\"woocommerce-input-wrapper\"><input type=\"text\" class=\"input-text wcmo_field wcmo_field_first_name\" name=\"first_name\" id=\"first_name\" placeholder='&lt;span class=\"wcmo-label-text\"&gt;Voornaam&lt;\/span&gt; *' value=\"\" data-index=\"0\" data-type=\"text\" autocomplete=\"off\" aria-required=\"true\"><\/span><\/p><p class=\"form-row wcmo_field_wrapper wcmo_field_wrapper_last_name wcmo_field_wrapper_text wcmo-show-field validate-required\" id=\"last_name_field\" data-priority=\"\"><label for=\"last_name\" class=\"required_field\"><span class=\"wcmo-label-text\">Naam<\/span>\u00a0<span class=\"required\" aria-hidden=\"true\">*<\/span><\/label><span class=\"woocommerce-input-wrapper\"><input type=\"text\" class=\"input-text wcmo_field wcmo_field_last_name\" name=\"last_name\" id=\"last_name\" placeholder='&lt;span class=\"wcmo-label-text\"&gt;Naam&lt;\/span&gt; *' value=\"\" data-index=\"0\" data-type=\"text\" autocomplete=\"off\" aria-required=\"true\"><\/span><\/p><p class=\"form-row wcmo_field_wrapper wcmo_field_wrapper_billing_company wcmo_field_wrapper_text wcmo-show-field validate-required\" id=\"billing_company_field\" data-priority=\"\"><label for=\"billing_company\" class=\"required_field\"><span class=\"wcmo-label-text\">Naam bedrijf<\/span>\u00a0<span class=\"required\" aria-hidden=\"true\">*<\/span><\/label><span class=\"woocommerce-input-wrapper\"><input type=\"text\" class=\"input-text wcmo_field wcmo_field_billing_company\" name=\"billing_company\" id=\"billing_company\" placeholder='&lt;span class=\"wcmo-label-text\"&gt;Naam bedrijf&lt;\/span&gt; *' value=\"\" data-index=\"0\" data-type=\"text\" autocomplete=\"off\" aria-required=\"true\"><\/span><\/p><p class=\"form-row chzn-drop wcmo_field_wrapper wcmo_field_wrapper_billing_country wcmo_field_wrapper_country wcmo-show-field validate-required\" id=\"billing_country_field\" data-priority=\"\"><label for=\"billing_country\" class=\"required_field\">Billing Country\u00a0<span class=\"required\" aria-hidden=\"true\">*<\/span><\/label><span class=\"woocommerce-input-wrapper\"><select name=\"billing_country\" id=\"billing_country\" class=\"country_to_state country_select wcmo_field wcmo_field_billing_country\" data-index=\"0\" data-type=\"country\" autocomplete=\"off\" aria-required=\"true\" data-placeholder=\"Billing Country *\" data-label=\"Billing Country\"><option value=\"\">S\u00e9lectionner un pays\/r\u00e9gion?<\/option><option value=\"AF\">Afghanistan<\/option><option value=\"ZA\">Afrique du Sud<\/option><option value=\"AX\">\u00c5land Islands<\/option><option value=\"AL\">Albanie<\/option><option value=\"DZ\">Alg\u00e9rie<\/option><option value=\"DE\">Allemagne<\/option><option value=\"AS\">American Samoa<\/option><option value=\"AD\">Andorre<\/option><option value=\"AO\">Angola<\/option><option value=\"AI\">Anguilla<\/option><option value=\"AQ\">Antarctique<\/option><option value=\"AG\">Antigua-et-Barbuda<\/option><option value=\"SA\">Arabie Saoudite<\/option><option value=\"AR\">Argentine<\/option><option value=\"AM\">Arm\u00e9nie<\/option><option value=\"AW\">Aruba<\/option><option value=\"AU\">Australie<\/option><option value=\"AT\">Autriche<\/option><option value=\"AZ\">Azerbaijan<\/option><option value=\"BS\">Bahamas<\/option><option value=\"BH\">Bahrain<\/option><option value=\"BD\">Bangladesh<\/option><option value=\"BB\">Barbades<\/option><option value=\"PW\">Belau<\/option><option value=\"BE\">Belgique<\/option><option value=\"BZ\">Belize<\/option><option value=\"BJ\">Benin<\/option><option value=\"BM\">Bermudes<\/option><option value=\"BT\">Bhutan<\/option><option value=\"BY\">Bi\u00e9lorussie<\/option><option value=\"BO\">Bolivie<\/option><option value=\"BA\">Bosnie-Herz\u00e9govine<\/option><option value=\"BW\">Botswana<\/option><option value=\"BR\">Br\u00e9sil<\/option><option value=\"BN\">Brunei<\/option><option value=\"BG\">Bulgarie<\/option><option value=\"BF\">Burkina Faso<\/option><option value=\"BI\">Burundi<\/option><option value=\"KH\">Cambodge<\/option><option value=\"CM\">Cameroun<\/option><option value=\"CA\">Canada<\/option><option value=\"CV\">Cap Vert<\/option><option value=\"CL\">Chili<\/option><option value=\"CN\">Chine<\/option><option value=\"CX\">Christmas Island<\/option><option value=\"CY\">Chypre<\/option><option value=\"CO\">Colombie<\/option><option value=\"KM\">Comores<\/option><option value=\"CG\">Congo (Brazzaville)<\/option><option value=\"CD\">Congo (Kinshasa)<\/option><option value=\"KP\">Cor\u00e9e du Nord<\/option><option value=\"KR\">Cor\u00e9e du Sud<\/option><option value=\"CR\">Costa Rica<\/option><option value=\"CI\">C\u00f4te-d?Ivoire<\/option><option value=\"HR\">Croatie<\/option><option value=\"CU\">Cuba<\/option><option value=\"CW\">Cura\u00e7ao<\/option><option value=\"DK\">Danemark<\/option><option value=\"DJ\">Djibouti<\/option><option value=\"DM\">Dominique<\/option><option value=\"EG\">\u00c9gypte<\/option><option value=\"AE\">\u00c9mirats Arabes Unis<\/option><option value=\"EC\">\u00c9quateur<\/option><option value=\"ER\">Erythr\u00e9e<\/option><option value=\"ES\">Espagne<\/option><option value=\"EE\">Estonie<\/option><option value=\"SZ\">Eswatini<\/option><option value=\"US\">Etats-Unis (USA)<\/option><option value=\"ET\">\u00c9thiopie<\/option><option value=\"FJ\">Fidji<\/option><option value=\"FI\">Finlande<\/option><option value=\"FR\">France<\/option><option value=\"GA\">Gabon<\/option><option value=\"GM\">Gambie<\/option><option value=\"GE\">G\u00e9orgie<\/option><option value=\"GS\">G\u00e9orgie du Sud \/ \u00eeles Sandwich<\/option><option value=\"GH\">Ghana<\/option><option value=\"GI\">Gibraltar<\/option><option value=\"GR\">Gr\u00e8ce<\/option><option value=\"GD\">Grenade<\/option><option value=\"GL\">Groenland<\/option><option value=\"GP\">Guadeloupe<\/option><option value=\"GU\">Guam<\/option><option value=\"GT\">Guatemala<\/option><option value=\"GG\">Guernesey<\/option><option value=\"GN\">Guin\u00e9e<\/option><option value=\"GQ\">Guin\u00e9e \u00e9quatoriale<\/option><option value=\"GW\">Guin\u00e9e-Bissau<\/option><option value=\"GY\">Guyane<\/option><option value=\"GF\">Guyane Fran\u00e7aise<\/option><option value=\"HT\">Ha\u00efti<\/option><option value=\"HN\">Honduras<\/option><option value=\"HK\">Hong Kong<\/option><option value=\"HU\">Hongrie<\/option><option value=\"BV\">\u00cele Bouvet<\/option><option value=\"IM\">\u00cele de Man<\/option><option value=\"NF\">\u00cele Norfolk<\/option><option value=\"KY\">\u00celes Ca\u00efmans<\/option><option value=\"CC\">\u00celes Cocos<\/option><option value=\"CK\">\u00celes Cook<\/option><option value=\"FK\">\u00celes Falkland<\/option><option value=\"FO\">\u00celes F\u00e9ro\u00e9<\/option><option value=\"HM\">\u00celes Heard-et-MacDonald<\/option><option value=\"MH\">\u00celes Marshall<\/option><option value=\"UM\">\u00celes Mineures \u00e9loign\u00e9es des \u00c9tats-Unis<\/option><option value=\"SB\">\u00celes Salomon<\/option><option value=\"TC\">\u00celes Turques et Ca\u00efques<\/option><option value=\"IN\">Inde<\/option><option value=\"ID\">Indon\u00e9sie<\/option><option value=\"IR\">Iran<\/option><option value=\"IQ\">Iraq<\/option><option value=\"IE\">Irlande<\/option><option value=\"IS\">Islande<\/option><option value=\"IL\">Isra\u00ebl<\/option><option value=\"IT\">Italie<\/option><option value=\"JM\">Jama\u00efque<\/option><option value=\"JP\">Japon<\/option><option value=\"JE\">Jersey<\/option><option value=\"JO\">Jordanie<\/option><option value=\"KZ\">Kazakhstan<\/option><option value=\"KE\">Kenya<\/option><option value=\"KI\">Kiribati<\/option><option value=\"XK\">Kosovo<\/option><option value=\"KW\">Kowe\u00eft<\/option><option value=\"KG\">Kyrgyzstan<\/option><option value=\"RE\">La R\u00e9union<\/option><option value=\"LA\">Laos<\/option><option value=\"LS\">Lesotho<\/option><option value=\"LV\">Lettonie<\/option><option value=\"LB\">Liban<\/option><option value=\"LR\">Liberia<\/option><option value=\"LY\">Libye<\/option><option value=\"LI\">Liechtenstein<\/option><option value=\"LT\">Lituanie<\/option><option value=\"LU\">Luxembourg<\/option><option value=\"MO\">Macao<\/option><option value=\"MK\">Mac\u00e9doine du Nord<\/option><option value=\"MG\">Madagascar<\/option><option value=\"MY\">Malaisie<\/option><option value=\"MW\">Malawi<\/option><option value=\"MV\">Maldives<\/option><option value=\"ML\">Mali<\/option><option value=\"MT\">Malte<\/option><option value=\"MA\">Maroc<\/option><option value=\"MQ\">Martinique<\/option><option value=\"MU\">Maurice<\/option><option value=\"MR\">Mauritanie<\/option><option value=\"YT\">Mayotte<\/option><option value=\"MX\">Mexique<\/option><option value=\"FM\">Micron\u00e9sie<\/option><option value=\"MD\">Moldavie<\/option><option value=\"MC\">Monaco<\/option><option value=\"MN\">Mongolie<\/option><option value=\"ME\">Montenegro<\/option><option value=\"MS\">Montserrat<\/option><option value=\"MZ\">Mozambique<\/option><option value=\"MM\">Myanmar<\/option><option value=\"NA\">Namibie<\/option><option value=\"NR\">Nauru<\/option><option value=\"NP\">N\u00e9pal<\/option><option value=\"NI\">Nicaragua<\/option><option value=\"NE\">Niger<\/option><option value=\"NG\">Nigeria<\/option><option value=\"NU\">Niue<\/option><option value=\"MP\">Northern Mariana Islands<\/option><option value=\"NO\">Norv\u00e8ge<\/option><option value=\"NC\">Nouvelle-Cal\u00e9donie<\/option><option value=\"NZ\">Nouvelle-Z\u00e9lande<\/option><option value=\"OM\">Oman<\/option><option value=\"PK\">Pakistan<\/option><option value=\"PA\">Panama<\/option><option value=\"PG\">Papouasie-Nouvelle-Guin\u00e9e<\/option><option value=\"PY\">Paraguay<\/option><option value=\"NL\">Pays-Bas<\/option><option value=\"PE\">P\u00e9rou<\/option><option value=\"PH\">Philippines<\/option><option value=\"PN\">Pitcairn<\/option><option value=\"PL\">Pologne<\/option><option value=\"PF\">Polyn\u00e9sie Fran\u00e7aise<\/option><option value=\"PT\">Portugal<\/option><option value=\"PR\">Puerto Rico<\/option><option value=\"QA\">Qatar<\/option><option value=\"CF\">R\u00e9publique Centrafricaine<\/option><option value=\"DO\">R\u00e9publique Dominicaine<\/option><option value=\"CZ\">R\u00e9publique Tch\u00e8que<\/option><option value=\"RO\">Roumanie<\/option><option value=\"GB\">Royaume-Uni (UK)<\/option><option value=\"RU\">Russie<\/option><option value=\"RW\">Rwanda<\/option><option value=\"BQ\">Saba, Saint-Eustache et Bonaire<\/option><option value=\"EH\">Sahara occidental<\/option><option value=\"BL\">Saint Barth\u00e9lemy<\/option><option value=\"PM\">Saint Pierre et Miquelon<\/option><option value=\"KN\">Saint-Kitts-et-Nevis<\/option><option value=\"MF\">Saint-Martin (partie fran\u00e7aise)<\/option><option value=\"SX\">Saint-Martin (partie n\u00e9erlandaise)<\/option><option value=\"VC\">Saint-Vincent-et-les-Grenadines<\/option><option value=\"SH\">Sainte-H\u00e9l\u00e8ne<\/option><option value=\"LC\">Sainte-Lucie<\/option><option value=\"SV\">Salvador<\/option><option value=\"WS\">Samoa<\/option><option value=\"SM\">San Marino<\/option><option value=\"ST\">Sao Tom\u00e9-et-Principe<\/option><option value=\"SN\">S\u00e9n\u00e9gal<\/option><option value=\"RS\">Serbie<\/option><option value=\"SC\">Seychelles<\/option><option value=\"SL\">Sierra Leone<\/option><option value=\"SG\">Singapour<\/option><option value=\"SK\">Slovaquie<\/option><option value=\"SI\">Slov\u00e9nie<\/option><option value=\"SO\">Somalie<\/option><option value=\"SD\">Soudan<\/option><option value=\"SS\">Soudan du Sud<\/option><option value=\"LK\">Sri Lanka<\/option><option value=\"SE\">Su\u00e8de<\/option><option value=\"CH\">Suisse<\/option><option value=\"SR\">Suriname<\/option><option value=\"SJ\">Svalbard et Jan Mayen<\/option><option value=\"SY\">Syrie<\/option><option value=\"TW\">Taiwan<\/option><option value=\"TJ\">Tajikistan<\/option><option value=\"TZ\">Tanzanie<\/option><option value=\"TD\">Tchad<\/option><option value=\"TF\">Terres Australes Fran\u00e7aises<\/option><option value=\"IO\">Territoire britannique de l?oc\u00e9an Indien<\/option><option value=\"PS\">Territoire Palestinien<\/option><option value=\"TH\">Thailande<\/option><option value=\"TL\">Timor oriental<\/option><option value=\"TG\">Togo<\/option><option value=\"TK\">Tokelau<\/option><option value=\"TO\">Tonga<\/option><option value=\"TT\">Trinit\u00e9-et-Tobago<\/option><option value=\"TN\">Tunisie<\/option><option value=\"TM\">Turkm\u00e9nistan<\/option><option value=\"TR\">Turquie<\/option><option value=\"TV\">Tuvalu<\/option><option value=\"UG\">Uganda<\/option><option value=\"UA\">Ukraine<\/option><option value=\"UY\">Uruguay<\/option><option value=\"UZ\">Uzbekistan<\/option><option value=\"VU\">Vanuatu<\/option><option value=\"VA\">Vatican<\/option><option value=\"VE\">Venezuela<\/option><option value=\"VN\">Vietnam<\/option><option value=\"VG\">Virgin Islands (British)<\/option><option value=\"VI\">Virgin Islands (US)<\/option><option value=\"WF\">Wallis et Futuna<\/option><option value=\"YE\">Yemen<\/option><option value=\"ZM\">Zambie<\/option><option value=\"ZW\">Zimbabwe<\/option><\/select><noscript><button type=\"submit\" name=\"woocommerce_checkout_update_totals\" value=\"Mettre \u00e0 jour le pays\/r\u00e9gion\">Mettre \u00e0 jour le pays\/r\u00e9gion<\/button><\/noscript><\/span><\/p><p class=\"form-row wcmo_field_wrapper wcmo_field_wrapper_vat_number wcmo_field_wrapper_text wcmo-show-field validate-required\" id=\"vat_number_field\" data-priority=\"\"><label for=\"vat_number\" class=\"required_field\"><span class=\"wcmo-label-text\">Nr RIZIV\/APB<\/span>\u00a0<span class=\"required\" aria-hidden=\"true\">*<\/span><\/label><span class=\"woocommerce-input-wrapper\"><input type=\"text\" class=\"input-text wcmo_field wcmo_field_vat_number\" name=\"vat_number\" id=\"vat_number\" placeholder='&lt;span class=\"wcmo-label-text\"&gt;Nr RIZIV\/APB&lt;\/span&gt; *' value=\"\" data-index=\"0\" data-type=\"text\" autocomplete=\"off\" aria-required=\"true\"><\/span><\/p><p class=\"form-row wcmo_field_wrapper wcmo_field_wrapper_7d1d8c0c wcmo_field_wrapper_text wcmo-show-field\" id=\"7d1d8c0c_field\" data-priority=\"\"><label for=\"7d1d8c0c\" class=\"\"><span class=\"wcmo-label-text\">BTW-nummer<\/span>\u00a0<span class=\"optional\">(facultatif)<\/span><\/label><span class=\"woocommerce-input-wrapper\"><input type=\"text\" class=\"input-text wcmo_field wcmo_field_7d1d8c0c\" name=\"7d1d8c0c\" id=\"7d1d8c0c\" placeholder='&lt;span class=\"wcmo-label-text\"&gt;BTW-nummer&lt;\/span&gt;' value=\"\" data-index=\"0\" data-type=\"text\" autocomplete=\"off\"><\/span><\/p>    <script>\n        document.addEventListener('DOMContentLoaded', function () {\n            const fields = document.querySelectorAll('.woocommerce-form-row label');\n\n            fields.forEach(function (label) {\n                const screenReaderText = label.querySelector('.screen-reader-text');\n                const input = label.parentElement.querySelector('input');\n\n                \/\/ Remove the screen-reader-text span from the label's text content\n                if (screenReaderText) {\n                    screenReaderText.remove();\n                }\n\n                \/\/ Set placeholder with the remaining label text\n                if (input) {\n                    input.setAttribute('placeholder', label.textContent.trim());\n                }\n            });\n        });\n    <\/script>\n    <div class=\"woocommerce-privacy-policy-text\"><p>Je persoonlijke gegevens worden gebruikt om je ervaring op deze website te ondersteunen, om toegang tot je account te beheren en voor andere doeleinden zoals omschreven in ons <a href=\"https:\/\/ademedics.be\/?page_id=3\" class=\"woocommerce-privacy-policy-link\" target=\"_blank\">politique de confidentialit\u00e9<\/a>.<\/p>\n<\/div>\n\t\t\t<p class=\"woocommerce-form-row form-row\">\n\t\t\t\t<input type=\"hidden\" id=\"woocommerce-register-nonce\" name=\"woocommerce-register-nonce\" value=\"c6eebf51cd\"><input type=\"hidden\" name=\"_wp_http_referer\" value=\"\/fr\/wp-json\/wp\/v2\/pages\/984\">\t\t\t\t<button type=\"submit\" class=\"woocommerce-Button woocommerce-button button woocommerce-form-register__submit\" name=\"register\" value=\"S?inscrire\">S?inscrire<\/button>\n\t\t\t<\/p>\n\n\t\t\t\n\t\t<\/form>\n<\/div>\n<\/div>\n\n<p><\/p>\n","protected":false},"excerpt":{"rendered":"<p>Recevez votre identifiant \u00cates-vous m\u00e9decin ou professionnel de la peau ? Demandez ici votre identifiant personnel et acc\u00e9dez \u00e0 la plateforme de commande B2B, aux informations scientifiques, aux protocoles de traitement, \u2026<\/p>\n","protected":false},"author":1,"featured_media":0,"parent":0,"menu_order":0,"comment_status":"closed","ping_status":"closed","template":"template\/pro-access.php","meta":{"_acf_changed":false,"footnotes":""},"class_list":["post-984","page","type-page","status-publish","hentry"],"acf":[],"yoast_head":"<!-- This site is optimized with the Yoast SEO plugin v27.2 - https:\/\/yoast.com\/product\/yoast-seo-wordpress\/ -->\n<title>Recevez votre identifiant - Ademedics<\/title>\n<meta name=\"robots\" content=\"index, follow, max-snippet:-1, max-image-preview:large, max-video-preview:-1\" \/>\n<link rel=\"canonical\" href=\"https:\/\/ademedics.be\/fr\/recevez-votre-identifiant\/\" \/>\n<meta property=\"og:locale\" content=\"fr_FR\" \/>\n<meta property=\"og:type\" content=\"article\" \/>\n<meta property=\"og:title\" content=\"Recevez votre identifiant - Ademedics\" \/>\n<meta property=\"og:description\" content=\"Recevez votre identifiant \u00cates-vous m\u00e9decin ou professionnel de la peau ? Demandez ici votre identifiant personnel et acc\u00e9dez \u00e0 la plateforme de commande B2B, aux informations scientifiques, aux protocoles de traitement, \u2026\" \/>\n<meta property=\"og:url\" content=\"https:\/\/ademedics.be\/fr\/recevez-votre-identifiant\/\" \/>\n<meta property=\"og:site_name\" content=\"Ademedics\" \/>\n<meta property=\"article:modified_time\" content=\"2025-08-18T08:37:21+00:00\" \/>\n<meta name=\"twitter:card\" content=\"summary_large_image\" \/>\n<script type=\"application\/ld+json\" class=\"yoast-schema-graph\">{\"@context\":\"https:\/\/schema.org\",\"@graph\":[{\"@type\":\"WebPage\",\"@id\":\"https:\/\/ademedics.be\/fr\/recevez-votre-identifiant\/\",\"url\":\"https:\/\/ademedics.be\/fr\/recevez-votre-identifiant\/\",\"name\":\"Recevez votre identifiant - Ademedics\",\"isPartOf\":{\"@id\":\"https:\/\/ademedics.be\/fr\/#website\"},\"datePublished\":\"2025-01-08T09:13:38+00:00\",\"dateModified\":\"2025-08-18T08:37:21+00:00\",\"breadcrumb\":{\"@id\":\"https:\/\/ademedics.be\/fr\/recevez-votre-identifiant\/#breadcrumb\"},\"inLanguage\":\"fr-FR\",\"potentialAction\":[{\"@type\":\"ReadAction\",\"target\":[\"https:\/\/ademedics.be\/fr\/recevez-votre-identifiant\/\"]}]},{\"@type\":\"BreadcrumbList\",\"@id\":\"https:\/\/ademedics.be\/fr\/recevez-votre-identifiant\/#breadcrumb\",\"itemListElement\":[{\"@type\":\"ListItem\",\"position\":1,\"name\":\"Home\",\"item\":\"https:\/\/ademedics.be\/fr\/\"},{\"@type\":\"ListItem\",\"position\":2,\"name\":\"Recevez votre identifiant\"}]},{\"@type\":\"WebSite\",\"@id\":\"https:\/\/ademedics.be\/fr\/#website\",\"url\":\"https:\/\/ademedics.be\/fr\/\",\"name\":\"Ademedics\",\"description\":\"\",\"publisher\":{\"@id\":\"https:\/\/ademedics.be\/fr\/#organization\"},\"potentialAction\":[{\"@type\":\"SearchAction\",\"target\":{\"@type\":\"EntryPoint\",\"urlTemplate\":\"https:\/\/ademedics.be\/fr\/?s={search_term_string}\"},\"query-input\":{\"@type\":\"PropertyValueSpecification\",\"valueRequired\":true,\"valueName\":\"search_term_string\"}}],\"inLanguage\":\"fr-FR\"},{\"@type\":\"Organization\",\"@id\":\"https:\/\/ademedics.be\/fr\/#organization\",\"name\":\"Ademedics\",\"url\":\"https:\/\/ademedics.be\/fr\/\",\"logo\":{\"@type\":\"ImageObject\",\"inLanguage\":\"fr-FR\",\"@id\":\"https:\/\/ademedics.be\/fr\/#\/schema\/logo\/image\/\",\"url\":\"https:\/\/ademedics.be\/wp-content\/uploads\/2025\/01\/ademedics-logo.png\",\"contentUrl\":\"https:\/\/ademedics.be\/wp-content\/uploads\/2025\/01\/ademedics-logo.png\",\"width\":500,\"height\":122,\"caption\":\"Ademedics\"},\"image\":{\"@id\":\"https:\/\/ademedics.be\/fr\/#\/schema\/logo\/image\/\"}}]}<\/script>\n<!-- \/ Yoast SEO plugin. -->","yoast_head_json":{"title":"Recevez votre identifiant - Ademedics","robots":{"index":"index","follow":"follow","max-snippet":"max-snippet:-1","max-image-preview":"max-image-preview:large","max-video-preview":"max-video-preview:-1"},"canonical":"https:\/\/ademedics.be\/fr\/recevez-votre-identifiant\/","og_locale":"fr_FR","og_type":"article","og_title":"Recevez votre identifiant - Ademedics","og_description":"Recevez votre identifiant \u00cates-vous m\u00e9decin ou professionnel de la peau ? Demandez ici votre identifiant personnel et acc\u00e9dez \u00e0 la plateforme de commande B2B, aux informations scientifiques, aux protocoles de traitement, \u2026","og_url":"https:\/\/ademedics.be\/fr\/recevez-votre-identifiant\/","og_site_name":"Ademedics","article_modified_time":"2025-08-18T08:37:21+00:00","twitter_card":"summary_large_image","schema":{"@context":"https:\/\/schema.org","@graph":[{"@type":"WebPage","@id":"https:\/\/ademedics.be\/fr\/recevez-votre-identifiant\/","url":"https:\/\/ademedics.be\/fr\/recevez-votre-identifiant\/","name":"Recevez votre identifiant - Ademedics","isPartOf":{"@id":"https:\/\/ademedics.be\/fr\/#website"},"datePublished":"2025-01-08T09:13:38+00:00","dateModified":"2025-08-18T08:37:21+00:00","breadcrumb":{"@id":"https:\/\/ademedics.be\/fr\/recevez-votre-identifiant\/#breadcrumb"},"inLanguage":"fr-FR","potentialAction":[{"@type":"ReadAction","target":["https:\/\/ademedics.be\/fr\/recevez-votre-identifiant\/"]}]},{"@type":"BreadcrumbList","@id":"https:\/\/ademedics.be\/fr\/recevez-votre-identifiant\/#breadcrumb","itemListElement":[{"@type":"ListItem","position":1,"name":"Home","item":"https:\/\/ademedics.be\/fr\/"},{"@type":"ListItem","position":2,"name":"Recevez votre identifiant"}]},{"@type":"WebSite","@id":"https:\/\/ademedics.be\/fr\/#website","url":"https:\/\/ademedics.be\/fr\/","name":"Ademedics","description":"","publisher":{"@id":"https:\/\/ademedics.be\/fr\/#organization"},"potentialAction":[{"@type":"SearchAction","target":{"@type":"EntryPoint","urlTemplate":"https:\/\/ademedics.be\/fr\/?s={search_term_string}"},"query-input":{"@type":"PropertyValueSpecification","valueRequired":true,"valueName":"search_term_string"}}],"inLanguage":"fr-FR"},{"@type":"Organization","@id":"https:\/\/ademedics.be\/fr\/#organization","name":"Ademedics","url":"https:\/\/ademedics.be\/fr\/","logo":{"@type":"ImageObject","inLanguage":"fr-FR","@id":"https:\/\/ademedics.be\/fr\/#\/schema\/logo\/image\/","url":"https:\/\/ademedics.be\/wp-content\/uploads\/2025\/01\/ademedics-logo.png","contentUrl":"https:\/\/ademedics.be\/wp-content\/uploads\/2025\/01\/ademedics-logo.png","width":500,"height":122,"caption":"Ademedics"},"image":{"@id":"https:\/\/ademedics.be\/fr\/#\/schema\/logo\/image\/"}}]}},"_links":{"self":[{"href":"https:\/\/ademedics.be\/fr\/wp-json\/wp\/v2\/pages\/984","targetHints":{"allow":["GET"]}}],"collection":[{"href":"https:\/\/ademedics.be\/fr\/wp-json\/wp\/v2\/pages"}],"about":[{"href":"https:\/\/ademedics.be\/fr\/wp-json\/wp\/v2\/types\/page"}],"author":[{"embeddable":true,"href":"https:\/\/ademedics.be\/fr\/wp-json\/wp\/v2\/users\/1"}],"replies":[{"embeddable":true,"href":"https:\/\/ademedics.be\/fr\/wp-json\/wp\/v2\/comments?post=984"}],"version-history":[{"count":1,"href":"https:\/\/ademedics.be\/fr\/wp-json\/wp\/v2\/pages\/984\/revisions"}],"predecessor-version":[{"id":985,"href":"https:\/\/ademedics.be\/fr\/wp-json\/wp\/v2\/pages\/984\/revisions\/985"}],"wp:attachment":[{"href":"https:\/\/ademedics.be\/fr\/wp-json\/wp\/v2\/media?parent=984"}],"curies":[{"name":"wp","href":"https:\/\/api.w.org\/{rel}","templated":true}]}}