{"id":911,"date":"2025-03-06T14:48:08","date_gmt":"2025-03-06T13:48:08","guid":{"rendered":"https:\/\/ademedics.be\/academie\/"},"modified":"2025-08-18T17:21:49","modified_gmt":"2025-08-18T15:21:49","slug":"academie","status":"publish","type":"page","link":"https:\/\/ademedics.be\/fr\/academie\/","title":{"rendered":"Acad\u00e9mie"},"content":{"rendered":"\n<div class=\"wp-block-columns is-layout-flex wp-container-core-columns-is-layout-28f84493 wp-block-columns-is-layout-flex\">\n<div class=\"wp-block-column is-layout-flow wp-block-column-is-layout-flow\" style=\"flex-basis:100%\">\n<h2 class=\"wp-block-heading\">Masterclass Pluryal : Th\u00e9orie<\/h2>\n<\/div>\n<\/div>\n\n<figure class=\"wp-block-embed is-type-video is-provider-vimeo wp-block-embed-vimeo wp-embed-aspect-16-9 wp-has-aspect-ratio\"><div class=\"wp-block-embed__wrapper\">\r\n<iframe loading=\"lazy\" title=\"Pluryal Masterclass: Theory\" src=\"https:\/\/player.vimeo.com\/video\/1065911103?h=028c96cdb2&amp;dnt=1&amp;app_id=122963\" width=\"500\" height=\"281\" frameborder=\"0\" allow=\"autoplay; fullscreen; picture-in-picture; clipboard-write; encrypted-media\"><\/iframe>\r\n<\/div><\/figure><br>\n\n<p>Introduction &#8211; 00:16<\/p>\n\n<p>S\u00e9rums Mesoline Face &#8211; 03:08<\/p>\n\n<p>Mesoline Emptiers &#8211; 39:17<\/p>\n\n<p>S\u00e9rums  Mesoline Hair &#8211; 46:43<\/p>\n\n<p>Biofillers &#8211; 59:04<\/p>\n\n<p>Polynucl\u00e9otides &#8211; 01:21:13<\/p>\n\n<p>Techniques et cas &#8211; 01:33:09<\/p>\n\n<div class=\"wp-block-query is-layout-flow wp-block-query-is-layout-flow\"><ul class=\"wp-block-post-template is-layout-flow wp-block-post-template-is-layout-flow\"><li class=\"wp-block-post post-835 academy type-academy status-publish hentry\">\n<h2 class=\"wp-block-post-title\">Male &#8211; 55 years &#8211; total face rejuvenation<\/h2>\n\n<div class=\"entry-content wp-block-post-content is-layout-flow wp-block-post-content-is-layout-flow\">\n<figure class=\"wp-block-embed is-type-video is-provider-vimeo wp-block-embed-vimeo wp-embed-aspect-16-9 wp-has-aspect-ratio\"><div class=\"wp-block-embed__wrapper\">\n<iframe loading=\"lazy\" title=\"1 Pluryal Masterclass - D1P1\" src=\"https:\/\/player.vimeo.com\/video\/1062811335?h=5ea98ee1ad&amp;dnt=1&amp;app_id=122963\" width=\"500\" height=\"281\" frameborder=\"0\" allow=\"autoplay; fullscreen; picture-in-picture; clipboard-write; encrypted-media\"><\/iframe>\n<\/div><\/figure>\n\n\n\n<p>Products used:<\/p>\n\n\n\n<p>Pluryal Silk &#8211; 02:55<\/p>\n\n\n\n<p>Pluryal Bioclassic &#8211; 06:54<\/p>\n\n\n\n<p>Pluryal Biosculpture &#8211; 13:03<\/p>\n\n\n\n<p>Pluryal Densify &#8211; 19:16<\/p>\n<\/div>\n<\/li><li class=\"wp-block-post post-834 academy type-academy status-publish hentry\">\n<h2 class=\"wp-block-post-title\">Female &#8211; 46 years &#8211; mid &#038; low face rejuvenation<\/h2>\n\n<div class=\"entry-content wp-block-post-content is-layout-flow wp-block-post-content-is-layout-flow\">\n<figure class=\"wp-block-embed is-type-video is-provider-vimeo wp-block-embed-vimeo wp-embed-aspect-16-9 wp-has-aspect-ratio\"><div class=\"wp-block-embed__wrapper\">\n<iframe loading=\"lazy\" title=\"2 Pluryal Masterclass - D1P2\" src=\"https:\/\/player.vimeo.com\/video\/1062814046?h=ffd84062f7&amp;dnt=1&amp;app_id=122963\" width=\"500\" height=\"281\" frameborder=\"0\" allow=\"autoplay; fullscreen; picture-in-picture; clipboard-write; encrypted-media\"><\/iframe>\n<\/div><\/figure>\n\n\n\n<p>Products used:<\/p>\n\n\n\n<p>Pluryal Silk &#8211; 00:16<\/p>\n\n\n\n<p>Pluryal Bioclassic &#8211; 01:27, 17:48<\/p>\n\n\n\n<p>Pluryal Biosculpture &#8211; 05:04, 19:39<\/p>\n\n\n\n<p>Pluryal Densify &#8211; 09:08<\/p>\n\n\n\n<p>Pluryal Biovolume &#8211; 19:39<\/p>\n<\/div>\n<\/li><li class=\"wp-block-post post-823 academy type-academy status-publish hentry\">\n<h2 class=\"wp-block-post-title\">Female &#8211; 40 years &#8211; face, neck &#038; lips<\/h2>\n\n<div class=\"entry-content wp-block-post-content is-layout-flow wp-block-post-content-is-layout-flow\">\n<blockquote class=\"wp-block-quote is-layout-flow wp-block-quote-is-layout-flow\">\n<figure class=\"wp-block-embed is-type-video is-provider-vimeo wp-block-embed-vimeo wp-embed-aspect-16-9 wp-has-aspect-ratio\"><div class=\"wp-block-embed__wrapper\">\n<iframe loading=\"lazy\" title=\"3 Pluryal Masterclass - D1P3\" src=\"https:\/\/player.vimeo.com\/video\/1061270339?h=179f5576ae&amp;dnt=1&amp;app_id=122963\" width=\"500\" height=\"281\" frameborder=\"0\" allow=\"autoplay; fullscreen; picture-in-picture; clipboard-write; encrypted-media\"><\/iframe>\n<\/div><\/figure>\n<\/blockquote>\n\n\n\n<p>Products used:<\/p>\n\n\n\n<p>Pluryal Silk &#8211; 01:38<\/p>\n\n\n\n<p>Pluryal Bioscultpure &#8211; 05:25<\/p>\n\n\n\n<p>Pluryal Densify &#8211; 13:05<\/p>\n\n\n\n<p>Pluryal Bioclassic &#8211; 19:18<\/p>\n<\/div>\n<\/li><\/ul>\n\n\n\n<\/div>\n","protected":false},"excerpt":{"rendered":"<p>Masterclass Pluryal : Th\u00e9orie Introduction &#8211; 00:16 S\u00e9rums Mesoline Face &#8211; 03:08 Mesoline Emptiers &#8211; 39:17 S\u00e9rums Mesoline Hair &#8211; 46:43 Biofillers &#8211; 59:04 Polynucl\u00e9otides &#8211; 01:21:13 Techniques et cas &#8211; 01:33:09<\/p>\n","protected":false},"author":1,"featured_media":0,"parent":0,"menu_order":0,"comment_status":"closed","ping_status":"closed","template":"","meta":{"_acf_changed":false,"footnotes":""},"class_list":["post-911","page","type-page","status-publish","hentry"],"acf":[],"yoast_head":"<!-- This site is optimized with the Yoast SEO plugin v27.2 - https:\/\/yoast.com\/product\/yoast-seo-wordpress\/ -->\n<title>Acad\u00e9mie - Ademedics<\/title>\n<meta name=\"robots\" content=\"index, follow, max-snippet:-1, max-image-preview:large, max-video-preview:-1\" \/>\n<link rel=\"canonical\" href=\"https:\/\/ademedics.be\/fr\/academie\/\" \/>\n<meta property=\"og:locale\" content=\"fr_FR\" \/>\n<meta property=\"og:type\" content=\"article\" \/>\n<meta property=\"og:title\" content=\"Acad\u00e9mie - Ademedics\" \/>\n<meta property=\"og:description\" content=\"Masterclass Pluryal : Th\u00e9orie Introduction &#8211; 00:16 S\u00e9rums Mesoline Face &#8211; 03:08 Mesoline Emptiers &#8211; 39:17 S\u00e9rums Mesoline Hair &#8211; 46:43 Biofillers &#8211; 59:04 Polynucl\u00e9otides &#8211; 01:21:13 Techniques et cas &#8211; 01:33:09\" \/>\n<meta property=\"og:url\" content=\"https:\/\/ademedics.be\/fr\/academie\/\" \/>\n<meta property=\"og:site_name\" content=\"Ademedics\" \/>\n<meta property=\"article:modified_time\" content=\"2025-08-18T15:21:49+00:00\" \/>\n<meta name=\"twitter:card\" content=\"summary_large_image\" \/>\n<script type=\"application\/ld+json\" class=\"yoast-schema-graph\">{\"@context\":\"https:\/\/schema.org\",\"@graph\":[{\"@type\":\"WebPage\",\"@id\":\"https:\/\/ademedics.be\/fr\/academie\/\",\"url\":\"https:\/\/ademedics.be\/fr\/academie\/\",\"name\":\"Acad\u00e9mie - Ademedics\",\"isPartOf\":{\"@id\":\"https:\/\/ademedics.be\/fr\/#website\"},\"datePublished\":\"2025-03-06T13:48:08+00:00\",\"dateModified\":\"2025-08-18T15:21:49+00:00\",\"breadcrumb\":{\"@id\":\"https:\/\/ademedics.be\/fr\/academie\/#breadcrumb\"},\"inLanguage\":\"fr-FR\",\"potentialAction\":[{\"@type\":\"ReadAction\",\"target\":[\"https:\/\/ademedics.be\/fr\/academie\/\"]}]},{\"@type\":\"BreadcrumbList\",\"@id\":\"https:\/\/ademedics.be\/fr\/academie\/#breadcrumb\",\"itemListElement\":[{\"@type\":\"ListItem\",\"position\":1,\"name\":\"Home\",\"item\":\"https:\/\/ademedics.be\/fr\/\"},{\"@type\":\"ListItem\",\"position\":2,\"name\":\"Acad\u00e9mie\"}]},{\"@type\":\"WebSite\",\"@id\":\"https:\/\/ademedics.be\/fr\/#website\",\"url\":\"https:\/\/ademedics.be\/fr\/\",\"name\":\"Ademedics\",\"description\":\"\",\"publisher\":{\"@id\":\"https:\/\/ademedics.be\/fr\/#organization\"},\"potentialAction\":[{\"@type\":\"SearchAction\",\"target\":{\"@type\":\"EntryPoint\",\"urlTemplate\":\"https:\/\/ademedics.be\/fr\/?s={search_term_string}\"},\"query-input\":{\"@type\":\"PropertyValueSpecification\",\"valueRequired\":true,\"valueName\":\"search_term_string\"}}],\"inLanguage\":\"fr-FR\"},{\"@type\":\"Organization\",\"@id\":\"https:\/\/ademedics.be\/fr\/#organization\",\"name\":\"Ademedics\",\"url\":\"https:\/\/ademedics.be\/fr\/\",\"logo\":{\"@type\":\"ImageObject\",\"inLanguage\":\"fr-FR\",\"@id\":\"https:\/\/ademedics.be\/fr\/#\/schema\/logo\/image\/\",\"url\":\"https:\/\/ademedics.be\/wp-content\/uploads\/2025\/01\/ademedics-logo.png\",\"contentUrl\":\"https:\/\/ademedics.be\/wp-content\/uploads\/2025\/01\/ademedics-logo.png\",\"width\":500,\"height\":122,\"caption\":\"Ademedics\"},\"image\":{\"@id\":\"https:\/\/ademedics.be\/fr\/#\/schema\/logo\/image\/\"}}]}<\/script>\n<!-- \/ Yoast SEO plugin. -->","yoast_head_json":{"title":"Acad\u00e9mie - Ademedics","robots":{"index":"index","follow":"follow","max-snippet":"max-snippet:-1","max-image-preview":"max-image-preview:large","max-video-preview":"max-video-preview:-1"},"canonical":"https:\/\/ademedics.be\/fr\/academie\/","og_locale":"fr_FR","og_type":"article","og_title":"Acad\u00e9mie - Ademedics","og_description":"Masterclass Pluryal : Th\u00e9orie Introduction &#8211; 00:16 S\u00e9rums Mesoline Face &#8211; 03:08 Mesoline Emptiers &#8211; 39:17 S\u00e9rums Mesoline Hair &#8211; 46:43 Biofillers &#8211; 59:04 Polynucl\u00e9otides &#8211; 01:21:13 Techniques et cas &#8211; 01:33:09","og_url":"https:\/\/ademedics.be\/fr\/academie\/","og_site_name":"Ademedics","article_modified_time":"2025-08-18T15:21:49+00:00","twitter_card":"summary_large_image","schema":{"@context":"https:\/\/schema.org","@graph":[{"@type":"WebPage","@id":"https:\/\/ademedics.be\/fr\/academie\/","url":"https:\/\/ademedics.be\/fr\/academie\/","name":"Acad\u00e9mie - Ademedics","isPartOf":{"@id":"https:\/\/ademedics.be\/fr\/#website"},"datePublished":"2025-03-06T13:48:08+00:00","dateModified":"2025-08-18T15:21:49+00:00","breadcrumb":{"@id":"https:\/\/ademedics.be\/fr\/academie\/#breadcrumb"},"inLanguage":"fr-FR","potentialAction":[{"@type":"ReadAction","target":["https:\/\/ademedics.be\/fr\/academie\/"]}]},{"@type":"BreadcrumbList","@id":"https:\/\/ademedics.be\/fr\/academie\/#breadcrumb","itemListElement":[{"@type":"ListItem","position":1,"name":"Home","item":"https:\/\/ademedics.be\/fr\/"},{"@type":"ListItem","position":2,"name":"Acad\u00e9mie"}]},{"@type":"WebSite","@id":"https:\/\/ademedics.be\/fr\/#website","url":"https:\/\/ademedics.be\/fr\/","name":"Ademedics","description":"","publisher":{"@id":"https:\/\/ademedics.be\/fr\/#organization"},"potentialAction":[{"@type":"SearchAction","target":{"@type":"EntryPoint","urlTemplate":"https:\/\/ademedics.be\/fr\/?s={search_term_string}"},"query-input":{"@type":"PropertyValueSpecification","valueRequired":true,"valueName":"search_term_string"}}],"inLanguage":"fr-FR"},{"@type":"Organization","@id":"https:\/\/ademedics.be\/fr\/#organization","name":"Ademedics","url":"https:\/\/ademedics.be\/fr\/","logo":{"@type":"ImageObject","inLanguage":"fr-FR","@id":"https:\/\/ademedics.be\/fr\/#\/schema\/logo\/image\/","url":"https:\/\/ademedics.be\/wp-content\/uploads\/2025\/01\/ademedics-logo.png","contentUrl":"https:\/\/ademedics.be\/wp-content\/uploads\/2025\/01\/ademedics-logo.png","width":500,"height":122,"caption":"Ademedics"},"image":{"@id":"https:\/\/ademedics.be\/fr\/#\/schema\/logo\/image\/"}}]}},"_links":{"self":[{"href":"https:\/\/ademedics.be\/fr\/wp-json\/wp\/v2\/pages\/911","targetHints":{"allow":["GET"]}}],"collection":[{"href":"https:\/\/ademedics.be\/fr\/wp-json\/wp\/v2\/pages"}],"about":[{"href":"https:\/\/ademedics.be\/fr\/wp-json\/wp\/v2\/types\/page"}],"author":[{"embeddable":true,"href":"https:\/\/ademedics.be\/fr\/wp-json\/wp\/v2\/users\/1"}],"replies":[{"embeddable":true,"href":"https:\/\/ademedics.be\/fr\/wp-json\/wp\/v2\/comments?post=911"}],"version-history":[{"count":9,"href":"https:\/\/ademedics.be\/fr\/wp-json\/wp\/v2\/pages\/911\/revisions"}],"predecessor-version":[{"id":1023,"href":"https:\/\/ademedics.be\/fr\/wp-json\/wp\/v2\/pages\/911\/revisions\/1023"}],"wp:attachment":[{"href":"https:\/\/ademedics.be\/fr\/wp-json\/wp\/v2\/media?parent=911"}],"curies":[{"name":"wp","href":"https:\/\/api.w.org\/{rel}","templated":true}]}}